{"id":350908,"date":"2024-10-31T14:21:26","date_gmt":"2024-10-31T13:21:26","guid":{"rendered":"https:\/\/www.arclite-shop.de\/produkt\/02-4058075707894\/"},"modified":"2026-04-17T11:37:31","modified_gmt":"2026-04-17T09:37:31","slug":"02-4058075707894","status":"publish","type":"product","link":"https:\/\/www.arclite-shop.de\/it\/produkt\/02-4058075707894\/","title":{"rendered":"Strisce LED da 1000 lm\/m per molte applicazioni"},"content":{"rendered":"<p>LED-B\u00e4nder mit 1000 lm\/m f\u00fcr viele Anwendungen. Produkteigenschaften: Flexibles und teilbares LED-Band. Kleinste teilbare Einheit: 100 mm. Lebensdauer (L70\/B50): bis zu 35.000 h bei Tc max.: 75\u00b0C. Lichtstrom: 1000 lm\/m. Farbwiedergabeindex Ra: 80. Gro\u00dfes Spektrum an Farbtemperaturen: von Warmwei\u00df bis k\u00fchles Tageslicht. Dimmbar mit geeigneten Treibern, siehe auchwww.ledvance.de\/dim). Produktvorteile: Gro\u00dfe Designfreiheit dank langer, flexible LED-Lichtb\u00e4nder. Einfache Installation, werkzeugloser Anschluss. Einfache Montage an vielen glatten Oberfl\u00e4chen durch selbstklebendes Klebeband. Maximale Flexibilit\u00e4t dank gro\u00dfer Auswahl an Zubeh\u00f6r. Einfacher Anschluss durch beidseitig integrierte Kabel. Anwendungsgebiete: Allgemeine Innenbeleuchtung. Dekorative Beleuchtung. Private Wohnbereiche. Technische Ausstattung: Verbindungen, Profile und Abdeckungen f\u00fcr verschiedene Montagem\u00f6glichkeiten verf\u00fcgbar.<\/p>\n","protected":false},"excerpt":{"rendered":"<p>LED-B\u00e4nder mit 1000 lm\/m f\u00fcr viele Anwendungen. Produkteigenschaften: Flexibles und teilbares LED-Band. Kleinste teilbare Einheit: 100 mm. Lebensdauer (L70\/B50): bis zu 35.000 h bei Tc max.: 75\u00b0C. Lichtstrom: 1000 lm\/m. Farbwiedergabeindex Ra: 80. Gro\u00dfes Spektrum an Farbtemperaturen: von Warmwei\u00df bis<span class=\"excerpt-hellip\"> [\u2026]<\/span><\/p>\n","protected":false},"featured_media":363768,"template":"","meta":[],"product_brand":[],"product_cat":[87128],"product_tag":[],"class_list":{"0":"post-350908","1":"product","2":"type-product","3":"status-publish","4":"has-post-thumbnail","6":"product_cat-lichtschlauch-band","8":"first","9":"instock","10":"taxable","11":"shipping-taxable","12":"product-type-simple"},"_links":{"self":[{"href":"https:\/\/www.arclite-shop.de\/it\/wp-json\/wp\/v2\/product\/350908","targetHints":{"allow":["GET"]}}],"collection":[{"href":"https:\/\/www.arclite-shop.de\/it\/wp-json\/wp\/v2\/product"}],"about":[{"href":"https:\/\/www.arclite-shop.de\/it\/wp-json\/wp\/v2\/types\/product"}],"wp:featuredmedia":[{"embeddable":true,"href":"https:\/\/www.arclite-shop.de\/it\/wp-json\/wp\/v2\/media\/363768"}],"wp:attachment":[{"href":"https:\/\/www.arclite-shop.de\/it\/wp-json\/wp\/v2\/media?parent=350908"}],"wp:term":[{"taxonomy":"product_brand","embeddable":true,"href":"https:\/\/www.arclite-shop.de\/it\/wp-json\/wp\/v2\/product_brand?post=350908"},{"taxonomy":"product_cat","embeddable":true,"href":"https:\/\/www.arclite-shop.de\/it\/wp-json\/wp\/v2\/product_cat?post=350908"},{"taxonomy":"product_tag","embeddable":true,"href":"https:\/\/www.arclite-shop.de\/it\/wp-json\/wp\/v2\/product_tag?post=350908"}],"curies":[{"name":"wp","href":"https:\/\/api.w.org\/{rel}","templated":true}]}}