{"id":350839,"date":"2024-10-31T14:20:36","date_gmt":"2024-10-31T13:20:36","guid":{"rendered":"https:\/\/www.arclite-shop.de\/produkt\/02-4058075694484\/"},"modified":"2026-04-17T12:38:26","modified_gmt":"2026-04-17T10:38:26","slug":"02-4058075694484","status":"publish","type":"product","link":"https:\/\/www.arclite-shop.de\/it\/produkt\/02-4058075694484\/","title":{"rendered":"Luminari incassati quadrati con Ra90, impostazione selezionabile di colore e potenza della luce (CCT\/Power Select - CPS) e controllo dell'abbagliamento elevato"},"content":{"rendered":"<p>Quadratische Einlege-Leuchten mit Ra90, w\u00e4hlbarer Lichtfarbe und Wattageneinstellung (CCT\/Power Select &#8211; CPS) und starker Entblendung, f\u00fcr 625 x 625 mm Deckensysteme. Produkteigenschaften: Rahmen aus stranggepresstem Aluminium. Polystyrol-Diffuser. 5-polige Anschlussklemme, Kabelquerschnitt bis zu 5 x 2,5 mm\u00b2. Leuchtenversionen mit IoT-f\u00e4higem DALI-2 Treiber verf\u00fcgbar. Lebensdauer (L80\/B10): bis zu 60.000 h (bei 25 \u00b0C). Produktvorteile: Hohe technische Leistung durch CRI90 und hohe Lichtausbeute. Sehr vielseitig durch eine am Treiber w\u00e4hlbare CCT und Wattageneinstellung (CCT\/Power Select &#8211; CPS). Hohe Farbkonsistenz mit SDCM 3. Gute Entblendung (UGR &lt; 19). Durchverdrahtung mit enthaltener Anschlussbox m\u00f6glich. Externer Treiber f\u00fcr erweiterte Flexibilit\u00e4t und einfache Installation. Flimmerarmes Licht dank speziellem elektronischen Vorschaltger\u00e4t. Erweiterte Dienstleistungen wie Stromverbrauchs\u00fcberwachung und Fernwartung m\u00f6glich bei DALI Versionen. 5 Jahre Garantie. Anwendungsgebiete: Direkter Ersatz f\u00fcr Einlege-Leuchten mit Leuchtstofflampen. B\u00fcror\u00e4ume, Konferenzr\u00e4ume. Empfangsbereiche, Eingangsbereiche, Korridore, Aufz\u00fcge. Schulen, \u00f6ffentliche Geb\u00e4ude. Geeignet f\u00fcr Deckeneinbausysteme mit einem Rasterma\u00df von 625 x 625 mm. Technische Ausstattung: Zubeh\u00f6r f\u00fcr verschiedene Einbaum\u00f6glichkeiten erh\u00e4ltlich. Anschlussbox mit 5-poliger Anschlussklemme enthalten. Sicherheitsklemmen enthalten. Externes Vorschaltger\u00e4t mit Schiebereglern zur Einstellung CCT und Wattage enthalten.<\/p>\n","protected":false},"excerpt":{"rendered":"<p>Quadratische Einlege-Leuchten mit Ra90, w\u00e4hlbarer Lichtfarbe und Wattageneinstellung (CCT\/Power Select &#8211; CPS) und starker Entblendung, f\u00fcr 625 x 625 mm Deckensysteme. Produkteigenschaften: Rahmen aus stranggepresstem Aluminium. Polystyrol-Diffuser. 5-polige Anschlussklemme, Kabelquerschnitt bis zu 5 x 2,5 mm\u00b2. Leuchtenversionen mit IoT-f\u00e4higem DALI-2<span class=\"excerpt-hellip\"> [\u2026]<\/span><\/p>\n","protected":false},"featured_media":365484,"template":"","meta":[],"product_brand":[],"product_cat":[87052],"product_tag":[],"class_list":{"0":"post-350839","1":"product","2":"type-product","3":"status-publish","4":"has-post-thumbnail","6":"product_cat-decken-wandleuchte","8":"first","9":"instock","10":"taxable","11":"shipping-taxable","12":"product-type-simple"},"_links":{"self":[{"href":"https:\/\/www.arclite-shop.de\/it\/wp-json\/wp\/v2\/product\/350839","targetHints":{"allow":["GET"]}}],"collection":[{"href":"https:\/\/www.arclite-shop.de\/it\/wp-json\/wp\/v2\/product"}],"about":[{"href":"https:\/\/www.arclite-shop.de\/it\/wp-json\/wp\/v2\/types\/product"}],"wp:featuredmedia":[{"embeddable":true,"href":"https:\/\/www.arclite-shop.de\/it\/wp-json\/wp\/v2\/media\/365484"}],"wp:attachment":[{"href":"https:\/\/www.arclite-shop.de\/it\/wp-json\/wp\/v2\/media?parent=350839"}],"wp:term":[{"taxonomy":"product_brand","embeddable":true,"href":"https:\/\/www.arclite-shop.de\/it\/wp-json\/wp\/v2\/product_brand?post=350839"},{"taxonomy":"product_cat","embeddable":true,"href":"https:\/\/www.arclite-shop.de\/it\/wp-json\/wp\/v2\/product_cat?post=350839"},{"taxonomy":"product_tag","embeddable":true,"href":"https:\/\/www.arclite-shop.de\/it\/wp-json\/wp\/v2\/product_tag?post=350839"}],"curies":[{"name":"wp","href":"https:\/\/api.w.org\/{rel}","templated":true}]}}