{"id":350823,"date":"2024-10-31T14:20:26","date_gmt":"2024-10-31T13:20:26","guid":{"rendered":"https:\/\/www.arclite-shop.de\/produkt\/02-4058075665880\/"},"modified":"2026-04-17T12:58:00","modified_gmt":"2026-04-17T10:58:00","slug":"02-4058075665880","status":"publish","type":"product","link":"https:\/\/www.arclite-shop.de\/it\/produkt\/02-4058075665880\/","title":{"rendered":"Lampada da terra intelligente e moderna per illuminazione indiretta con tecnologia WiFi"},"content":{"rendered":"<p>Smarte und moderne Stehleuchte f\u00fcr indirekte Beleuchtung mit WiFi-Technologie. Produkteigenschaften: Netzwerkprotokoll: WiFi. Dimmbares, RGB- und warmwei\u00dfes Licht in einem Strip. Indirekte Beleuchtung. Produktvorteile: Klares Design, kombinierbar mit unterschiedlichen Dekorationsstilen. Einfache und schnelle Installation. Anwendungsgebiete: Wohnr\u00e4ume. Meeting- und Konferenzr\u00e4ume. Nur f\u00fcr Innenraumbeleuchtung. Technische Ausstattung: Steuerung \u00fcber App oder Sprachsteuerung erfordert kompatibles Smart-Home-System. F\u00fcr die Steuerung \u00fcber LEDVANCE SMART + WiFi App ist ein Smartphone oder Tablet erforderlich.<\/p>\n","protected":false},"excerpt":{"rendered":"<p>Smarte und moderne Stehleuchte f\u00fcr indirekte Beleuchtung mit WiFi-Technologie. Produkteigenschaften: Netzwerkprotokoll: WiFi. Dimmbares, RGB- und warmwei\u00dfes Licht in einem Strip. Indirekte Beleuchtung. Produktvorteile: Klares Design, kombinierbar mit unterschiedlichen Dekorationsstilen. Einfache und schnelle Installation. Anwendungsgebiete: Wohnr\u00e4ume. Meeting- und Konferenzr\u00e4ume. Nur f\u00fcr<span class=\"excerpt-hellip\"> [\u2026]<\/span><\/p>\n","protected":false},"featured_media":366006,"template":"","meta":[],"product_brand":[],"product_cat":[87433],"product_tag":[],"class_list":{"0":"post-350823","1":"product","2":"type-product","3":"status-publish","4":"has-post-thumbnail","6":"product_cat-stehleuchte-ledvance","8":"first","9":"outofstock","10":"taxable","11":"shipping-taxable","12":"product-type-simple"},"_links":{"self":[{"href":"https:\/\/www.arclite-shop.de\/it\/wp-json\/wp\/v2\/product\/350823","targetHints":{"allow":["GET"]}}],"collection":[{"href":"https:\/\/www.arclite-shop.de\/it\/wp-json\/wp\/v2\/product"}],"about":[{"href":"https:\/\/www.arclite-shop.de\/it\/wp-json\/wp\/v2\/types\/product"}],"wp:featuredmedia":[{"embeddable":true,"href":"https:\/\/www.arclite-shop.de\/it\/wp-json\/wp\/v2\/media\/366006"}],"wp:attachment":[{"href":"https:\/\/www.arclite-shop.de\/it\/wp-json\/wp\/v2\/media?parent=350823"}],"wp:term":[{"taxonomy":"product_brand","embeddable":true,"href":"https:\/\/www.arclite-shop.de\/it\/wp-json\/wp\/v2\/product_brand?post=350823"},{"taxonomy":"product_cat","embeddable":true,"href":"https:\/\/www.arclite-shop.de\/it\/wp-json\/wp\/v2\/product_cat?post=350823"},{"taxonomy":"product_tag","embeddable":true,"href":"https:\/\/www.arclite-shop.de\/it\/wp-json\/wp\/v2\/product_tag?post=350823"}],"curies":[{"name":"wp","href":"https:\/\/api.w.org\/{rel}","templated":true}]}}