{"id":350821,"date":"2024-10-31T14:20:25","date_gmt":"2024-10-31T13:20:25","guid":{"rendered":"https:\/\/www.arclite-shop.de\/produkt\/02-4058075651913\/"},"modified":"2026-04-17T12:58:28","modified_gmt":"2026-04-17T10:58:28","slug":"02-4058075651913","status":"publish","type":"product","link":"https:\/\/www.arclite-shop.de\/it\/produkt\/02-4058075651913\/","title":{"rendered":"Luci a soffitto a LED"},"content":{"rendered":"<p>LED-Deckenleuchten. Produkteigenschaften: Deckenleuchte mit fortschrittlicher LED-Technik. Kreisf\u00f6rmige Lichtausstrahlung. Produktvorteile: Sehr homogenes Licht. Einfache und schnelle Installation. Anwendungsgebiete: Nur f\u00fcr Innenraumbeleuchtung. Dekorative Wohnbeleuchtung. Decken- und Wandanbau. Technische Ausstattung: Vollst\u00e4ndiges Montage- und Anschlusszubeh\u00f6r enthalten.<\/p>\n","protected":false},"excerpt":{"rendered":"<p>LED-Deckenleuchten. Produkteigenschaften: Deckenleuchte mit fortschrittlicher LED-Technik. Kreisf\u00f6rmige Lichtausstrahlung. Produktvorteile: Sehr homogenes Licht. Einfache und schnelle Installation. Anwendungsgebiete: Nur f\u00fcr Innenraumbeleuchtung. Dekorative Wohnbeleuchtung. Decken- und Wandanbau. Technische Ausstattung: Vollst\u00e4ndiges Montage- und Anschlusszubeh\u00f6r enthalten.<\/p>\n","protected":false},"featured_media":328849,"template":"","meta":[],"product_brand":[],"product_cat":[87052],"product_tag":[],"class_list":{"0":"post-350821","1":"product","2":"type-product","3":"status-publish","4":"has-post-thumbnail","6":"product_cat-decken-wandleuchte","8":"first","9":"outofstock","10":"taxable","11":"shipping-taxable","12":"product-type-simple"},"_links":{"self":[{"href":"https:\/\/www.arclite-shop.de\/it\/wp-json\/wp\/v2\/product\/350821","targetHints":{"allow":["GET"]}}],"collection":[{"href":"https:\/\/www.arclite-shop.de\/it\/wp-json\/wp\/v2\/product"}],"about":[{"href":"https:\/\/www.arclite-shop.de\/it\/wp-json\/wp\/v2\/types\/product"}],"wp:featuredmedia":[{"embeddable":true,"href":"https:\/\/www.arclite-shop.de\/it\/wp-json\/wp\/v2\/media\/328849"}],"wp:attachment":[{"href":"https:\/\/www.arclite-shop.de\/it\/wp-json\/wp\/v2\/media?parent=350821"}],"wp:term":[{"taxonomy":"product_brand","embeddable":true,"href":"https:\/\/www.arclite-shop.de\/it\/wp-json\/wp\/v2\/product_brand?post=350821"},{"taxonomy":"product_cat","embeddable":true,"href":"https:\/\/www.arclite-shop.de\/it\/wp-json\/wp\/v2\/product_cat?post=350821"},{"taxonomy":"product_tag","embeddable":true,"href":"https:\/\/www.arclite-shop.de\/it\/wp-json\/wp\/v2\/product_tag?post=350821"}],"curies":[{"name":"wp","href":"https:\/\/api.w.org\/{rel}","templated":true}]}}