{"id":350817,"date":"2024-10-31T14:20:22","date_gmt":"2024-10-31T13:20:22","guid":{"rendered":"https:\/\/www.arclite-shop.de\/produkt\/02-4058075651777\/"},"modified":"2026-04-17T13:00:14","modified_gmt":"2026-04-17T11:00:14","slug":"02-4058075651777","status":"publish","type":"product","link":"https:\/\/www.arclite-shop.de\/it\/produkt\/02-4058075651777\/","title":{"rendered":"Un lumino LED con funzione di cambio luce bianca, pu\u00f2 essere azionato tramite interruttore a muro o telecomando con cambio colore della luce bianca e dimming"},"content":{"rendered":"<p>LED Leuchte mit Wei\u00dflichtwechselfunktion, bedienbar durch Wandschalter oder Fernbedienung mit Wei\u00dflichtfarbwechsel und Dimmen. Produkteigenschaften: Deckenleuchte mit fortschrittlicher LED-Technik. Kreisf\u00f6rmige Lichtausstrahlung. Remote-CCT-Version: Farbtemperatur-, Dim-, Timer-, Speicher- und Nachtfunktion \u00fcber Fernbedienung. Click-CCT Version: Farbtemperatur einstellbar in drei Stufen durch wiederholtes Schalten. Produktvorteile: Sehr homogenes Licht. Einfache und schnelle Installation. Anwendungsgebiete: Nur f\u00fcr Innenraumbeleuchtung. Dekorative Wohnbeleuchtung. Decken- und Wandanbau. Technische Ausstattung: Vollst\u00e4ndiges Montage- und Anschlusszubeh\u00f6r enthalten.<\/p>\n","protected":false},"excerpt":{"rendered":"<p>LED Leuchte mit Wei\u00dflichtwechselfunktion, bedienbar durch Wandschalter oder Fernbedienung mit Wei\u00dflichtfarbwechsel und Dimmen. Produkteigenschaften: Deckenleuchte mit fortschrittlicher LED-Technik. Kreisf\u00f6rmige Lichtausstrahlung. Remote-CCT-Version: Farbtemperatur-, Dim-, Timer-, Speicher- und Nachtfunktion \u00fcber Fernbedienung. Click-CCT Version: Farbtemperatur einstellbar in drei Stufen durch wiederholtes Schalten. Produktvorteile:<span class=\"excerpt-hellip\"> [\u2026]<\/span><\/p>\n","protected":false},"featured_media":328869,"template":"","meta":[],"product_brand":[],"product_cat":[87052],"product_tag":[],"class_list":{"0":"post-350817","1":"product","2":"type-product","3":"status-publish","4":"has-post-thumbnail","6":"product_cat-decken-wandleuchte","8":"first","9":"instock","10":"taxable","11":"shipping-taxable","12":"product-type-simple"},"_links":{"self":[{"href":"https:\/\/www.arclite-shop.de\/it\/wp-json\/wp\/v2\/product\/350817","targetHints":{"allow":["GET"]}}],"collection":[{"href":"https:\/\/www.arclite-shop.de\/it\/wp-json\/wp\/v2\/product"}],"about":[{"href":"https:\/\/www.arclite-shop.de\/it\/wp-json\/wp\/v2\/types\/product"}],"wp:featuredmedia":[{"embeddable":true,"href":"https:\/\/www.arclite-shop.de\/it\/wp-json\/wp\/v2\/media\/328869"}],"wp:attachment":[{"href":"https:\/\/www.arclite-shop.de\/it\/wp-json\/wp\/v2\/media?parent=350817"}],"wp:term":[{"taxonomy":"product_brand","embeddable":true,"href":"https:\/\/www.arclite-shop.de\/it\/wp-json\/wp\/v2\/product_brand?post=350817"},{"taxonomy":"product_cat","embeddable":true,"href":"https:\/\/www.arclite-shop.de\/it\/wp-json\/wp\/v2\/product_cat?post=350817"},{"taxonomy":"product_tag","embeddable":true,"href":"https:\/\/www.arclite-shop.de\/it\/wp-json\/wp\/v2\/product_tag?post=350817"}],"curies":[{"name":"wp","href":"https:\/\/api.w.org\/{rel}","templated":true}]}}