{"id":350811,"date":"2024-10-31T14:20:17","date_gmt":"2024-10-31T13:20:17","guid":{"rendered":"https:\/\/www.arclite-shop.de\/produkt\/02-4058075650213\/"},"modified":"2026-04-17T13:04:16","modified_gmt":"2026-04-17T11:04:16","slug":"02-4058075650213","status":"publish","type":"product","link":"https:\/\/www.arclite-shop.de\/it\/produkt\/02-4058075650213\/","title":{"rendered":"Pannello smart con illuminazione principale e retroilluminazione con tecnologia WIFI, TW, RGB e dimmerabile"},"content":{"rendered":"<p>Smart Panel mit Haupt- und Hintergrundbeleuchtung mit WIFI-Technologie TW RGB und dimmbar. Produkteigenschaften: Steuerbar \u00fcber LEDVANCE SMART+ WiFi App (mit mindestens Android\u2122\ufe0f 4.4 oder iOS 10.0). Steuerung \u00fcber Google Assistant oder Amazon Alexa m\u00f6glich. Dimmbar. Netzwerkprotokoll: WiFi. Farbtemperatur \u00fcber Tunable White einstellbar: 3.000\u20266.500 K. Produktvorteile: Einfache und schnelle Installation. Hauptlicht und R\u00fccklicht. Beide Lichter sind unabh\u00e4ngig. TW und RGB. Anwendungsgebiete: Innenraumanwendungen. K\u00fcche, Wohn-, Kinder- oder Arbeitszimmer. Technische Ausstattung: Tragb\u00fcgel enthalten. Inklusive Montageschrauben und D\u00fcbel. Steuerung \u00fcber App oder Sprachsteuerung erfordert kompatibles Smart-Home-System. F\u00fcr die Steuerung \u00fcber LEDVANCE SMART + WiFi App ist ein Smartphone oder Tablet erforderlich. Die Fernbedienung ben\u00f6tigt 2xAAA Batterien (nicht im Lieferumfang enthalten). Fernbedienung enthalten.<\/p>\n","protected":false},"excerpt":{"rendered":"<p>Smart Panel mit Haupt- und Hintergrundbeleuchtung mit WIFI-Technologie TW RGB und dimmbar. Produkteigenschaften: Steuerbar \u00fcber LEDVANCE SMART+ WiFi App (mit mindestens Android\u2122\ufe0f 4.4 oder iOS 10.0). Steuerung \u00fcber Google Assistant oder Amazon Alexa m\u00f6glich. Dimmbar. Netzwerkprotokoll: WiFi. Farbtemperatur \u00fcber Tunable<span class=\"excerpt-hellip\"> [\u2026]<\/span><\/p>\n","protected":false},"featured_media":366016,"template":"","meta":[],"product_brand":[],"product_cat":[87052],"product_tag":[],"class_list":{"0":"post-350811","1":"product","2":"type-product","3":"status-publish","4":"has-post-thumbnail","6":"product_cat-decken-wandleuchte","8":"first","9":"instock","10":"taxable","11":"shipping-taxable","12":"product-type-simple"},"_links":{"self":[{"href":"https:\/\/www.arclite-shop.de\/it\/wp-json\/wp\/v2\/product\/350811","targetHints":{"allow":["GET"]}}],"collection":[{"href":"https:\/\/www.arclite-shop.de\/it\/wp-json\/wp\/v2\/product"}],"about":[{"href":"https:\/\/www.arclite-shop.de\/it\/wp-json\/wp\/v2\/types\/product"}],"wp:featuredmedia":[{"embeddable":true,"href":"https:\/\/www.arclite-shop.de\/it\/wp-json\/wp\/v2\/media\/366016"}],"wp:attachment":[{"href":"https:\/\/www.arclite-shop.de\/it\/wp-json\/wp\/v2\/media?parent=350811"}],"wp:term":[{"taxonomy":"product_brand","embeddable":true,"href":"https:\/\/www.arclite-shop.de\/it\/wp-json\/wp\/v2\/product_brand?post=350811"},{"taxonomy":"product_cat","embeddable":true,"href":"https:\/\/www.arclite-shop.de\/it\/wp-json\/wp\/v2\/product_cat?post=350811"},{"taxonomy":"product_tag","embeddable":true,"href":"https:\/\/www.arclite-shop.de\/it\/wp-json\/wp\/v2\/product_tag?post=350811"}],"curies":[{"name":"wp","href":"https:\/\/api.w.org\/{rel}","templated":true}]}}