{"id":350803,"date":"2024-10-31T14:20:11","date_gmt":"2024-10-31T13:20:11","guid":{"rendered":"https:\/\/www.arclite-shop.de\/produkt\/02-4058075647626\/"},"modified":"2026-04-17T13:15:56","modified_gmt":"2026-04-17T11:15:56","slug":"02-4058075647626","status":"publish","type":"product","link":"https:\/\/www.arclite-shop.de\/it\/produkt\/02-4058075647626\/","title":{"rendered":"Illuminazione robusta su pareti e soffitto con protezione IP65 e funzione di illuminazione di sicurezza integrata"},"content":{"rendered":"<p>Robuste Wand- und Deckenleuchte mit IP65 Schutz und integrierter Sicherheitsbeleuchtungsfunktion. Produkteigenschaften: Zertifiziert gem\u00e4\u00df Europ\u00e4ischer Normen (EN 60598-1:2015; EN 60598-2-22:2014). Leuchte f\u00fcr Allgemeinbeleuchtung und Sicherheitsbeleuchtung geeignet. Einzelbatterieleuchten. Sicherheitsbeleuchtungs-Funktion: Batterieentladedauer 3 h. Funktionstest der Sicherheitsbeleuchtung: automatisch (AT). Batterietechnologie: LiFePO4. Umgebungstemperaturbereich bei Betrieb: 5\u00b0\u2026+40\u00b0 C. UV-stabilisiertes Polycarbonat (PC)-Geh\u00e4use, PC-Diffusor. Sto\u00dffestigkeit: IK10. Steckklemme f\u00fcr werkzeuglosen Anschluss. Durchverdrahtung m\u00f6glich. Schutzart: IP65. Produktvorteile: Nahtlose Integration von Leuchten mit Sicherheitsbeleuchtungs-Funktion in die Allgemeinbeleuchtung. Einfache Verkabelung dank mitgeliefertem, vorverdrahtetem Treiber und Batterie f\u00fcr die Sicherheitsbeleuchtungs-Funktion. Einfache Pr\u00fcfung der Sicherheitsbeleuchtungs-Funktion durch integrierte automatische Testfunktion. Separate Abdeckringe f\u00fcr ein \u00e4sthetisches und funktionales Design erh\u00e4ltlich. 3 Jahre Garantie. Hohe Lichtausbeute im Normalbetrieb. Komfortable Visualisierung der Ergebnisse des automatischen Tests mit enthaltener Kontroll-LED. Betrieb der Sicherheitsbeleuchtungs-Funktion mit langlebiger LiFePO4 Batterie mit 3h Betriebsentladungszeit. Geeignet f\u00fcr Verwendung in staubigen und feuchten Umgebungen dank hoher Schutzart. Geeignet f\u00fcr den Einsatz in \u00f6ffentlichen Bereichen dank hoher IK-Bewertung. Mehrere Montagemuster f\u00fcr bequeme Installation. Bis zu 50 % Energieersparnis (verglichen mit Leuchten, die Leuchtstofflampen verwenden). Anwendungsgebiete: Sicherheitsbeleuchtung f\u00fcr Rettungswegen. Antipanik-Beleuchtung. Geb\u00e4ude, f\u00fcr die Sicherheitsbeleuchtung von 3 h erforderlich ist. Direkter Ersatz f\u00fcr Leuchten mit Leuchtstofflampen. Korridore, Treppenh\u00e4user, Eingangsbereiche. Passagen, Unterf\u00fchrungen. \u00d6ffentlicher Raum. Technische Ausstattung: Zus\u00e4tzliche Abdeckringe in verschiedenen Ausf\u00fchrungen erh\u00e4ltlich. Inklusive Montageschrauben und D\u00fcbel.<\/p>\n","protected":false},"excerpt":{"rendered":"<p>Robuste Wand- und Deckenleuchte mit IP65 Schutz und integrierter Sicherheitsbeleuchtungsfunktion. Produkteigenschaften: Zertifiziert gem\u00e4\u00df Europ\u00e4ischer Normen (EN 60598-1:2015; EN 60598-2-22:2014). Leuchte f\u00fcr Allgemeinbeleuchtung und Sicherheitsbeleuchtung geeignet. Einzelbatterieleuchten. Sicherheitsbeleuchtungs-Funktion: Batterieentladedauer 3 h. Funktionstest der Sicherheitsbeleuchtung: automatisch (AT). Batterietechnologie: LiFePO4. Umgebungstemperaturbereich bei Betrieb:<span class=\"excerpt-hellip\"> [\u2026]<\/span><\/p>\n","protected":false},"featured_media":366024,"template":"","meta":[],"product_brand":[],"product_cat":[87052],"product_tag":[],"class_list":{"0":"post-350803","1":"product","2":"type-product","3":"status-publish","4":"has-post-thumbnail","6":"product_cat-decken-wandleuchte","8":"first","9":"instock","10":"taxable","11":"shipping-taxable","12":"product-type-simple"},"_links":{"self":[{"href":"https:\/\/www.arclite-shop.de\/it\/wp-json\/wp\/v2\/product\/350803","targetHints":{"allow":["GET"]}}],"collection":[{"href":"https:\/\/www.arclite-shop.de\/it\/wp-json\/wp\/v2\/product"}],"about":[{"href":"https:\/\/www.arclite-shop.de\/it\/wp-json\/wp\/v2\/types\/product"}],"wp:featuredmedia":[{"embeddable":true,"href":"https:\/\/www.arclite-shop.de\/it\/wp-json\/wp\/v2\/media\/366024"}],"wp:attachment":[{"href":"https:\/\/www.arclite-shop.de\/it\/wp-json\/wp\/v2\/media?parent=350803"}],"wp:term":[{"taxonomy":"product_brand","embeddable":true,"href":"https:\/\/www.arclite-shop.de\/it\/wp-json\/wp\/v2\/product_brand?post=350803"},{"taxonomy":"product_cat","embeddable":true,"href":"https:\/\/www.arclite-shop.de\/it\/wp-json\/wp\/v2\/product_cat?post=350803"},{"taxonomy":"product_tag","embeddable":true,"href":"https:\/\/www.arclite-shop.de\/it\/wp-json\/wp\/v2\/product_tag?post=350803"}],"curies":[{"name":"wp","href":"https:\/\/api.w.org\/{rel}","templated":true}]}}