{"id":350786,"date":"2024-10-31T14:20:00","date_gmt":"2024-10-31T13:20:00","guid":{"rendered":"https:\/\/www.arclite-shop.de\/produkt\/02-4058075647282\/"},"modified":"2026-04-17T13:40:07","modified_gmt":"2026-04-17T11:40:07","slug":"02-4058075647282","status":"publish","type":"product","link":"https:\/\/www.arclite-shop.de\/it\/produkt\/02-4058075647282\/","title":{"rendered":"Illuminazione robusta su pareti e soffitto con protezione IP65 e sensore ad alta frequenza"},"content":{"rendered":"<p>Robuste Wand- und Deckenleuchte mit IP65 Schutz und Hochfrequenzsensor. Produkteigenschaften: Hochfrequenzsensor f\u00fcr Tageslicht- und Bewegungserfassung. UV-stabilisiertes Polycarbonat (PC)-Geh\u00e4use, PC-Diffusor. Sto\u00dffestigkeit: IK10. Steckklemme f\u00fcr werkzeuglosen Anschluss. Durchverdrahtung m\u00f6glich. Schutzart: IP65. Lichtstrom: bis zu 800 lm. Hohe Lichtausbeute: bis zu 80 lm\/W. Lebensdauer (L70\/B50): bis zu 50.000 h (bei 25 \u00b0C). Umgebungstemperaturbereich bei Betrieb: -20\u2026+40 \u00b0C. Produktvorteile: Mehrfache Einstellm\u00f6glichkeiten von Sensorbereich, Tageslichterkennung und Haltezeit. Geeignet f\u00fcr Verwendung in staubigen und feuchten Umgebungen dank hoher Schutzart. Geeignet f\u00fcr den Einsatz in \u00f6ffentlichen Bereichen dank hoher IK-Bewertung. Separate Abdeckringe f\u00fcr ein \u00e4sthetisches und funktionales Design erh\u00e4ltlich. 5 Jahre Garantie. Bis zu 50 % Energieersparnis (verglichen mit Leuchten, die Leuchtstofflampen verwenden). Anwendungsgebiete: Direkter Ersatz f\u00fcr Leuchten mit Kompaktleuchtstofflampen. Korridore, Treppenh\u00e4user, Eingangsbereiche. Passagen, Unterf\u00fchrungen. \u00d6ffentlicher Raum. Technische Ausstattung: Zus\u00e4tzliche Abdeckringe in verschiedenen Ausf\u00fchrungen erh\u00e4ltlich. Inklusive Montageschrauben und D\u00fcbel.<\/p>\n","protected":false},"excerpt":{"rendered":"<p>Robuste Wand- und Deckenleuchte mit IP65 Schutz und Hochfrequenzsensor. Produkteigenschaften: Hochfrequenzsensor f\u00fcr Tageslicht- und Bewegungserfassung. UV-stabilisiertes Polycarbonat (PC)-Geh\u00e4use, PC-Diffusor. Sto\u00dffestigkeit: IK10. Steckklemme f\u00fcr werkzeuglosen Anschluss. Durchverdrahtung m\u00f6glich. Schutzart: IP65. Lichtstrom: bis zu 800 lm. Hohe Lichtausbeute: bis zu 80 lm\/W.<span class=\"excerpt-hellip\"> [\u2026]<\/span><\/p>\n","protected":false},"featured_media":366018,"template":"","meta":[],"product_brand":[],"product_cat":[87052],"product_tag":[],"class_list":{"0":"post-350786","1":"product","2":"type-product","3":"status-publish","4":"has-post-thumbnail","6":"product_cat-decken-wandleuchte","8":"first","9":"instock","10":"taxable","11":"shipping-taxable","12":"product-type-simple"},"_links":{"self":[{"href":"https:\/\/www.arclite-shop.de\/it\/wp-json\/wp\/v2\/product\/350786","targetHints":{"allow":["GET"]}}],"collection":[{"href":"https:\/\/www.arclite-shop.de\/it\/wp-json\/wp\/v2\/product"}],"about":[{"href":"https:\/\/www.arclite-shop.de\/it\/wp-json\/wp\/v2\/types\/product"}],"wp:featuredmedia":[{"embeddable":true,"href":"https:\/\/www.arclite-shop.de\/it\/wp-json\/wp\/v2\/media\/366018"}],"wp:attachment":[{"href":"https:\/\/www.arclite-shop.de\/it\/wp-json\/wp\/v2\/media?parent=350786"}],"wp:term":[{"taxonomy":"product_brand","embeddable":true,"href":"https:\/\/www.arclite-shop.de\/it\/wp-json\/wp\/v2\/product_brand?post=350786"},{"taxonomy":"product_cat","embeddable":true,"href":"https:\/\/www.arclite-shop.de\/it\/wp-json\/wp\/v2\/product_cat?post=350786"},{"taxonomy":"product_tag","embeddable":true,"href":"https:\/\/www.arclite-shop.de\/it\/wp-json\/wp\/v2\/product_tag?post=350786"}],"curies":[{"name":"wp","href":"https:\/\/api.w.org\/{rel}","templated":true}]}}