{"id":350554,"date":"2024-10-31T14:17:18","date_gmt":"2024-10-31T13:17:18","guid":{"rendered":"https:\/\/www.arclite-shop.de\/produkt\/02-4058075557710\/"},"modified":"2026-04-17T17:37:50","modified_gmt":"2026-04-17T15:37:50","slug":"02-4058075557710","status":"publish","type":"product","link":"https:\/\/www.arclite-shop.de\/it\/produkt\/02-4058075557710\/","title":{"rendered":"Per applicazioni con un requisito di flusso luminoso fino a 20250 lm"},"content":{"rendered":"<p>F\u00fcr Anwendungen mit bis zu 20250 lm Lichtstrombedarf. Produkteigenschaften: Asymmetrische Lichtverteilung f\u00fcr ein breites Anwendungsspektrum. Geh\u00e4use aus robustem Alu-Druckguss. Mastansatzinstallation bei 48\u202660 mm Zopfma\u00df. \u00dcberspannungsschutz: 10 kV (L\/N-PE). Integriertes Vorschaltger\u00e4t mit gro\u00dfem Eingangsspannungsbereich, geeignet f\u00fcr 100 &#8211; 277 VAC. Vorinstalliertes, flexibles Kabel (H05RN-F) mit 0,5 m L\u00e4nge, 3 x 1.0 mm\u00b2 gekrimpt. Produktvorteile: Funktionales und minimalistisches Design. Geringe Wartungs- und Betriebskosten dank langer LED-Lebensdauer. 5 Jahre Garantie. Anwendungsgebiete: Stra\u00dfenbeleuchtung. Stra\u00dfen. Parkpl\u00e4tze. Fl\u00e4chenbeleuchtung.<\/p>\n","protected":false},"excerpt":{"rendered":"<p>F\u00fcr Anwendungen mit bis zu 20250 lm Lichtstrombedarf. Produkteigenschaften: Asymmetrische Lichtverteilung f\u00fcr ein breites Anwendungsspektrum. Geh\u00e4use aus robustem Alu-Druckguss. Mastansatzinstallation bei 48\u202660 mm Zopfma\u00df. \u00dcberspannungsschutz: 10 kV (L\/N-PE). Integriertes Vorschaltger\u00e4t mit gro\u00dfem Eingangsspannungsbereich, geeignet f\u00fcr 100 &#8211; 277 VAC. Vorinstalliertes,<span class=\"excerpt-hellip\"> [\u2026]<\/span><\/p>\n","protected":false},"featured_media":366310,"template":"","meta":[],"product_brand":[],"product_cat":[87333],"product_tag":[],"class_list":{"0":"post-350554","1":"product","2":"type-product","3":"status-publish","4":"has-post-thumbnail","6":"product_cat-strassen-und-platzleuchte","8":"first","9":"instock","10":"taxable","11":"shipping-taxable","12":"product-type-simple"},"_links":{"self":[{"href":"https:\/\/www.arclite-shop.de\/it\/wp-json\/wp\/v2\/product\/350554","targetHints":{"allow":["GET"]}}],"collection":[{"href":"https:\/\/www.arclite-shop.de\/it\/wp-json\/wp\/v2\/product"}],"about":[{"href":"https:\/\/www.arclite-shop.de\/it\/wp-json\/wp\/v2\/types\/product"}],"wp:featuredmedia":[{"embeddable":true,"href":"https:\/\/www.arclite-shop.de\/it\/wp-json\/wp\/v2\/media\/366310"}],"wp:attachment":[{"href":"https:\/\/www.arclite-shop.de\/it\/wp-json\/wp\/v2\/media?parent=350554"}],"wp:term":[{"taxonomy":"product_brand","embeddable":true,"href":"https:\/\/www.arclite-shop.de\/it\/wp-json\/wp\/v2\/product_brand?post=350554"},{"taxonomy":"product_cat","embeddable":true,"href":"https:\/\/www.arclite-shop.de\/it\/wp-json\/wp\/v2\/product_cat?post=350554"},{"taxonomy":"product_tag","embeddable":true,"href":"https:\/\/www.arclite-shop.de\/it\/wp-json\/wp\/v2\/product_tag?post=350554"}],"curies":[{"name":"wp","href":"https:\/\/api.w.org\/{rel}","templated":true}]}}