{"id":350550,"date":"2024-10-31T14:17:15","date_gmt":"2024-10-31T13:17:15","guid":{"rendered":"https:\/\/www.arclite-shop.de\/produkt\/02-4058075557253\/"},"modified":"2026-04-17T17:39:46","modified_gmt":"2026-04-17T15:39:46","slug":"02-4058075557253","status":"publish","type":"product","link":"https:\/\/www.arclite-shop.de\/it\/produkt\/02-4058075557253\/","title":{"rendered":"Accessori di montaggio per ECO AREA"},"content":{"rendered":"<p>Montagezubeh\u00f6r f\u00fcr ECO AREA. Produkteigenschaften: Mastadapter mit Neigungseinstellung, geeignet f\u00fcr Masten mit 48-60 mm Zopfma\u00df<br \/>\n. F\u00fcr s\u00e4mtliche Produkte der ECO AREA Familie geeignet. Produktvorteile: Erm\u00f6glicht die Einstellung des Neigungswinkels.<\/p>\n","protected":false},"excerpt":{"rendered":"<p>Montagezubeh\u00f6r f\u00fcr ECO AREA. Produkteigenschaften: Mastadapter mit Neigungseinstellung, geeignet f\u00fcr Masten mit 48-60 mm Zopfma\u00df . F\u00fcr s\u00e4mtliche Produkte der ECO AREA Familie geeignet. Produktvorteile: Erm\u00f6glicht die Einstellung des Neigungswinkels.<\/p>\n","protected":false},"featured_media":339491,"template":"","meta":[],"product_brand":[],"product_cat":[87054],"product_tag":[],"class_list":{"0":"post-350550","1":"product","2":"type-product","3":"status-publish","4":"has-post-thumbnail","6":"product_cat-mechanisches-zubehoer-ersatzteile-fuer-leuchten-ledvance","8":"first","9":"instock","10":"taxable","11":"shipping-taxable","12":"product-type-simple"},"_links":{"self":[{"href":"https:\/\/www.arclite-shop.de\/it\/wp-json\/wp\/v2\/product\/350550","targetHints":{"allow":["GET"]}}],"collection":[{"href":"https:\/\/www.arclite-shop.de\/it\/wp-json\/wp\/v2\/product"}],"about":[{"href":"https:\/\/www.arclite-shop.de\/it\/wp-json\/wp\/v2\/types\/product"}],"wp:featuredmedia":[{"embeddable":true,"href":"https:\/\/www.arclite-shop.de\/it\/wp-json\/wp\/v2\/media\/339491"}],"wp:attachment":[{"href":"https:\/\/www.arclite-shop.de\/it\/wp-json\/wp\/v2\/media?parent=350550"}],"wp:term":[{"taxonomy":"product_brand","embeddable":true,"href":"https:\/\/www.arclite-shop.de\/it\/wp-json\/wp\/v2\/product_brand?post=350550"},{"taxonomy":"product_cat","embeddable":true,"href":"https:\/\/www.arclite-shop.de\/it\/wp-json\/wp\/v2\/product_cat?post=350550"},{"taxonomy":"product_tag","embeddable":true,"href":"https:\/\/www.arclite-shop.de\/it\/wp-json\/wp\/v2\/product_tag?post=350550"}],"curies":[{"name":"wp","href":"https:\/\/api.w.org\/{rel}","templated":true}]}}