{"id":350403,"date":"2024-10-31T14:15:31","date_gmt":"2024-10-31T13:15:31","guid":{"rendered":"https:\/\/www.arclite-shop.de\/produkt\/02-4058075515932\/"},"modified":"2026-04-17T21:15:02","modified_gmt":"2026-04-17T19:15:02","slug":"02-4058075515932","status":"publish","type":"product","link":"https:\/\/www.arclite-shop.de\/it\/produkt\/02-4058075515932\/","title":{"rendered":"Strisce LED decorative con tecnologia WiFi"},"content":{"rendered":"<p>Dekorative LED-Strips mit WiFi-Technologie. Produkteigenschaften: Kann bis zu einer L\u00e4nge von 5 m erweitert werden. Dimmbar. Flexible, biegsame LED-Lichtstreifen. RGB-Farbsteuerung, ca. 16 Mio. Farbm\u00f6glichkeiten einstellbar. Steuerbar \u00fcber LEDVANCE SMART+ WiFi App (mit mindestens Android\u2122\ufe0f 4.4 oder iOS 10.0). Stimmenkontrolle \u00fcber Hey Google oder Alexa m\u00f6glich. Produktvorteile: Einfache und schnelle Installation. Verwendet mehrfarbiges und kaltes oder warmwei\u00dfes Licht f\u00fcr maximal flexible Lichtszenen. Anwendungsgebiete: Wohnr\u00e4ume. Indirekte Beleuchtung. Technische Ausstattung: Steuerung \u00fcber App oder Sprachsteuerung erfordert kompatibles Smart-Home-System. F\u00fcr Steuerung \u00fcber LEDVANCE SMART + App-Smartphone (ab Android 6.0 oder ab iOS 10) erforderlich. Vollst\u00e4ndiges Montage- und Anschlusszubeh\u00f6r enthalten. 1M Extension erh\u00e4ltlich.<\/p>\n","protected":false},"excerpt":{"rendered":"<p>Dekorative LED-Strips mit WiFi-Technologie. Produkteigenschaften: Kann bis zu einer L\u00e4nge von 5 m erweitert werden. Dimmbar. Flexible, biegsame LED-Lichtstreifen. RGB-Farbsteuerung, ca. 16 Mio. Farbm\u00f6glichkeiten einstellbar. Steuerbar \u00fcber LEDVANCE SMART+ WiFi App (mit mindestens Android\u2122\ufe0f 4.4 oder iOS 10.0). Stimmenkontrolle \u00fcber<span class=\"excerpt-hellip\"> [\u2026]<\/span><\/p>\n","protected":false},"featured_media":366420,"template":"","meta":[],"product_brand":[],"product_cat":[87128],"product_tag":[],"class_list":{"0":"post-350403","1":"product","2":"type-product","3":"status-publish","4":"has-post-thumbnail","6":"product_cat-lichtschlauch-band","8":"first","9":"instock","10":"taxable","11":"shipping-taxable","12":"product-type-simple"},"_links":{"self":[{"href":"https:\/\/www.arclite-shop.de\/it\/wp-json\/wp\/v2\/product\/350403","targetHints":{"allow":["GET"]}}],"collection":[{"href":"https:\/\/www.arclite-shop.de\/it\/wp-json\/wp\/v2\/product"}],"about":[{"href":"https:\/\/www.arclite-shop.de\/it\/wp-json\/wp\/v2\/types\/product"}],"wp:featuredmedia":[{"embeddable":true,"href":"https:\/\/www.arclite-shop.de\/it\/wp-json\/wp\/v2\/media\/366420"}],"wp:attachment":[{"href":"https:\/\/www.arclite-shop.de\/it\/wp-json\/wp\/v2\/media?parent=350403"}],"wp:term":[{"taxonomy":"product_brand","embeddable":true,"href":"https:\/\/www.arclite-shop.de\/it\/wp-json\/wp\/v2\/product_brand?post=350403"},{"taxonomy":"product_cat","embeddable":true,"href":"https:\/\/www.arclite-shop.de\/it\/wp-json\/wp\/v2\/product_cat?post=350403"},{"taxonomy":"product_tag","embeddable":true,"href":"https:\/\/www.arclite-shop.de\/it\/wp-json\/wp\/v2\/product_tag?post=350403"}],"curies":[{"name":"wp","href":"https:\/\/api.w.org\/{rel}","templated":true}]}}