{"id":350373,"date":"2024-10-31T14:15:10","date_gmt":"2024-10-31T13:15:10","guid":{"rendered":"https:\/\/www.arclite-shop.de\/produkt\/02-4058075485419\/"},"modified":"2026-04-17T21:34:25","modified_gmt":"2026-04-17T19:34:25","slug":"02-4058075485419","status":"publish","type":"product","link":"https:\/\/www.arclite-shop.de\/it\/produkt\/02-4058075485419\/","title":{"rendered":"Forma classica a pistone con tecnologia WiFi"},"content":{"rendered":"<p>Klassische Kolbenform mit WiFi-Technologie. Produkteigenschaften: Steuerbar \u00fcber LEDVANCE SMART+ WiFi App (mit mindestens Android\u2122\ufe0f 4.4 oder iOS 9.0). Steuerung \u00fcber Google Assistant oder Amazon Alexa m\u00f6glich. Netzwerkprotokoll: WiFi. Dimmbar. Lebensdauer: bis zu 15.000 h. Produktvorteile: Drahtlose Steuerung \u00fcber App. Einfache Installation und Nutzung. Enth\u00e4lt kein Quecksilber. Anwendungsgebiete: Allgemeinbeleuchtung. Wohnr\u00e4ume. Gewerbe (Hotels, Bars, Boutiquen usw.). Au\u00dfenanwendungen nur in geeigneten Leuchten.<\/p>\n","protected":false},"excerpt":{"rendered":"<p>Klassische Kolbenform mit WiFi-Technologie. Produkteigenschaften: Steuerbar \u00fcber LEDVANCE SMART+ WiFi App (mit mindestens Android\u2122\ufe0f 4.4 oder iOS 9.0). Steuerung \u00fcber Google Assistant oder Amazon Alexa m\u00f6glich. Netzwerkprotokoll: WiFi. Dimmbar. Lebensdauer: bis zu 15.000 h. Produktvorteile: Drahtlose Steuerung \u00fcber App. Einfache<span class=\"excerpt-hellip\"> [\u2026]<\/span><\/p>\n","protected":false},"featured_media":365656,"template":"","meta":[],"product_brand":[],"product_cat":[87060],"product_tag":[],"class_list":{"0":"post-350373","1":"product","2":"type-product","3":"status-publish","4":"has-post-thumbnail","6":"product_cat-led-lampe-multi-led","8":"first","9":"instock","10":"taxable","11":"shipping-taxable","12":"product-type-simple"},"_links":{"self":[{"href":"https:\/\/www.arclite-shop.de\/it\/wp-json\/wp\/v2\/product\/350373","targetHints":{"allow":["GET"]}}],"collection":[{"href":"https:\/\/www.arclite-shop.de\/it\/wp-json\/wp\/v2\/product"}],"about":[{"href":"https:\/\/www.arclite-shop.de\/it\/wp-json\/wp\/v2\/types\/product"}],"wp:featuredmedia":[{"embeddable":true,"href":"https:\/\/www.arclite-shop.de\/it\/wp-json\/wp\/v2\/media\/365656"}],"wp:attachment":[{"href":"https:\/\/www.arclite-shop.de\/it\/wp-json\/wp\/v2\/media?parent=350373"}],"wp:term":[{"taxonomy":"product_brand","embeddable":true,"href":"https:\/\/www.arclite-shop.de\/it\/wp-json\/wp\/v2\/product_brand?post=350373"},{"taxonomy":"product_cat","embeddable":true,"href":"https:\/\/www.arclite-shop.de\/it\/wp-json\/wp\/v2\/product_cat?post=350373"},{"taxonomy":"product_tag","embeddable":true,"href":"https:\/\/www.arclite-shop.de\/it\/wp-json\/wp\/v2\/product_tag?post=350373"}],"curies":[{"name":"wp","href":"https:\/\/api.w.org\/{rel}","templated":true}]}}