{"id":350360,"date":"2024-10-31T14:15:00","date_gmt":"2024-10-31T13:15:00","guid":{"rendered":"https:\/\/www.arclite-shop.de\/produkt\/02-4058075483149\/"},"modified":"2026-04-17T21:41:26","modified_gmt":"2026-04-17T19:41:26","slug":"02-4058075483149","status":"publish","type":"product","link":"https:\/\/www.arclite-shop.de\/it\/produkt\/02-4058075483149\/","title":{"rendered":"Accessori driver per LED DRIVER DALI"},"content":{"rendered":"<p>Treiberzubeh\u00f6r f\u00fcr LED DRIVER DALI. Produkteigenschaften: Optionale Kabelklemme f\u00fcr LEDVANCE Dali CC Treiber. Leicht zu installieren. Werkzeuglose Montage. Produktvorteile: Einfache und schnelle Befestigung der Kabel. Ausreichend Platz zur Kabelverbindung. Anwendungsgebiete: Downlights, Panels, lineare Leuchten. Geeignet f\u00fcr unterschiedliche Kabeltypen. Geeignet f\u00fcr Anwendungen im Innenbereich. Technische Ausstattung: DR AY ZB+DALI CLAMP DUO geeignet f\u00fcr DR DALI-26 PFM, DR DALI-44 PFM. DR AY ZB+DALI CLAMP geeignet f\u00fcr DR DALI-60 PFM.<\/p>\n","protected":false},"excerpt":{"rendered":"<p>Treiberzubeh\u00f6r f\u00fcr LED DRIVER DALI. Produkteigenschaften: Optionale Kabelklemme f\u00fcr LEDVANCE Dali CC Treiber. Leicht zu installieren. Werkzeuglose Montage. Produktvorteile: Einfache und schnelle Befestigung der Kabel. Ausreichend Platz zur Kabelverbindung. Anwendungsgebiete: Downlights, Panels, lineare Leuchten. Geeignet f\u00fcr unterschiedliche Kabeltypen. Geeignet f\u00fcr<span class=\"excerpt-hellip\"> [\u2026]<\/span><\/p>\n","protected":false},"featured_media":339649,"template":"","meta":[],"product_brand":[],"product_cat":[87182],"product_tag":[],"class_list":{"0":"post-350360","1":"product","2":"type-product","3":"status-publish","4":"has-post-thumbnail","6":"product_cat-zubehoer-ersatzteile-fuer-led-betriebsgeraete-und-module-ledvance","8":"first","9":"instock","10":"taxable","11":"shipping-taxable","12":"product-type-simple"},"_links":{"self":[{"href":"https:\/\/www.arclite-shop.de\/it\/wp-json\/wp\/v2\/product\/350360","targetHints":{"allow":["GET"]}}],"collection":[{"href":"https:\/\/www.arclite-shop.de\/it\/wp-json\/wp\/v2\/product"}],"about":[{"href":"https:\/\/www.arclite-shop.de\/it\/wp-json\/wp\/v2\/types\/product"}],"wp:featuredmedia":[{"embeddable":true,"href":"https:\/\/www.arclite-shop.de\/it\/wp-json\/wp\/v2\/media\/339649"}],"wp:attachment":[{"href":"https:\/\/www.arclite-shop.de\/it\/wp-json\/wp\/v2\/media?parent=350360"}],"wp:term":[{"taxonomy":"product_brand","embeddable":true,"href":"https:\/\/www.arclite-shop.de\/it\/wp-json\/wp\/v2\/product_brand?post=350360"},{"taxonomy":"product_cat","embeddable":true,"href":"https:\/\/www.arclite-shop.de\/it\/wp-json\/wp\/v2\/product_cat?post=350360"},{"taxonomy":"product_tag","embeddable":true,"href":"https:\/\/www.arclite-shop.de\/it\/wp-json\/wp\/v2\/product_tag?post=350360"}],"curies":[{"name":"wp","href":"https:\/\/api.w.org\/{rel}","templated":true}]}}