{"id":350276,"date":"2024-10-31T14:14:03","date_gmt":"2024-10-31T13:14:03","guid":{"rendered":"https:\/\/www.arclite-shop.de\/produkt\/02-4058075446182\/"},"modified":"2026-04-17T23:51:11","modified_gmt":"2026-04-17T21:51:11","slug":"02-4058075446182","status":"publish","type":"product","link":"https:\/\/www.arclite-shop.de\/it\/produkt\/02-4058075446182\/","title":{"rendered":"Sensori e accessori per sistemi wireless di gestione della luce con tecnologia Zigbee 3.0"},"content":{"rendered":"<p>Zigbee 3.0 Licht- und Pr\u00e4senzsensor f\u00fcr den Deckeneinbau. Produkteigenschaften: Drahtloser Zigbee 3.0 Licht- und Bewegunssensor f\u00fcr Deckeneinbau. Ideal f\u00fcr B\u00fcroapplikationen. Pr\u00e4senzerfassung \u00fcber passives IR-Element. Anschluss an Netzspannung 220-240 V. Montageh\u00f6he: 2\u20265 m. Produktvorteile: Funktioniert zusammen mit VIVARES ZB Control &amp; Komponenten. Einfache Installation der Komponenten und keine Steuerleitungen notwendig. 5 Jahre Garantie. Anwendungsgebiete: B\u00fcros. Flure. Klassenzimmer. Schulungsr\u00e4ume. Treppenh\u00e4user. Sanit\u00e4rbereiche.<\/p>\n","protected":false},"excerpt":{"rendered":"<p>Zigbee 3.0 Licht- und Pr\u00e4senzsensor f\u00fcr den Deckeneinbau. Produkteigenschaften: Drahtloser Zigbee 3.0 Licht- und Bewegunssensor f\u00fcr Deckeneinbau. Ideal f\u00fcr B\u00fcroapplikationen. Pr\u00e4senzerfassung \u00fcber passives IR-Element. Anschluss an Netzspannung 220-240 V. Montageh\u00f6he: 2\u20265 m. Produktvorteile: Funktioniert zusammen mit VIVARES ZB Control &amp;<span class=\"excerpt-hellip\"> [\u2026]<\/span><\/p>\n","protected":false},"featured_media":366596,"template":"","meta":[],"product_brand":[],"product_cat":[87015],"product_tag":[],"class_list":{"0":"post-350276","1":"product","2":"type-product","3":"status-publish","4":"has-post-thumbnail","6":"product_cat-lichtregelsystemkomponente-ledvance","8":"first","9":"instock","10":"taxable","11":"shipping-taxable","12":"product-type-simple"},"_links":{"self":[{"href":"https:\/\/www.arclite-shop.de\/it\/wp-json\/wp\/v2\/product\/350276","targetHints":{"allow":["GET"]}}],"collection":[{"href":"https:\/\/www.arclite-shop.de\/it\/wp-json\/wp\/v2\/product"}],"about":[{"href":"https:\/\/www.arclite-shop.de\/it\/wp-json\/wp\/v2\/types\/product"}],"wp:featuredmedia":[{"embeddable":true,"href":"https:\/\/www.arclite-shop.de\/it\/wp-json\/wp\/v2\/media\/366596"}],"wp:attachment":[{"href":"https:\/\/www.arclite-shop.de\/it\/wp-json\/wp\/v2\/media?parent=350276"}],"wp:term":[{"taxonomy":"product_brand","embeddable":true,"href":"https:\/\/www.arclite-shop.de\/it\/wp-json\/wp\/v2\/product_brand?post=350276"},{"taxonomy":"product_cat","embeddable":true,"href":"https:\/\/www.arclite-shop.de\/it\/wp-json\/wp\/v2\/product_cat?post=350276"},{"taxonomy":"product_tag","embeddable":true,"href":"https:\/\/www.arclite-shop.de\/it\/wp-json\/wp\/v2\/product_tag?post=350276"}],"curies":[{"name":"wp","href":"https:\/\/api.w.org\/{rel}","templated":true}]}}