{"id":350256,"date":"2024-10-31T14:13:48","date_gmt":"2024-10-31T13:13:48","guid":{"rendered":"https:\/\/www.arclite-shop.de\/produkt\/02-4058075436053\/"},"modified":"2026-04-18T00:03:40","modified_gmt":"2026-04-17T22:03:40","slug":"02-4058075436053","status":"publish","type":"product","link":"https:\/\/www.arclite-shop.de\/it\/produkt\/02-4058075436053\/","title":{"rendered":"Strisce LED RGBW ad alte prestazioni protette IP66 con 1000 lm\/m per applicazioni impegnative"},"content":{"rendered":"<p>Leistungsstarke IP66 gesch\u00fctzte RGBW LED-B\u00e4nder mit 1000 lm\/m f\u00fcr anspruchsvolle Anwendungen. Produkteigenschaften: Flexibles und teilbares LED-Band mit wei\u00dfen LEDs und Multichip RGB LEDs. Kleinste teilbare Einheit: 100 mm. Lebensdauer (L70\/B50): bis zu 40.000 h bei T c max. \u2264 85\u00b0C. Dimmbar durch Pulsweitenmodulation (PWM). Schutzart: IP66. Hochgradig UV-best\u00e4ndig. Salznebelbest\u00e4ndig. Produktvorteile: Gro\u00dfe Designfreiheit dank langer, flexible RGBW-LED-Lichtb\u00e4nder. Einfache Installation, werkzeugloser Anschluss. Einfache Montage durch selbstklebendes Klebeband. Maximale Flexibilit\u00e4t dank gro\u00dfer Auswahl an Zubeh\u00f6r. Einfacher Anschluss durch beidseitig integrierte Kabel. Gutes wei\u00dfes Licht dank der zus\u00e4tzlichen wei\u00dfen LEDs. Anwendungsgebiete: Allgemeinbeleuchtung. Architekturbeleuchtung. Dynamische Effekte in Zonen mit Publikumsverkehr. Intensive Farbeffekte f\u00fcr besondere Stimmungen. Voutenbeleuchtung. Hotels und B\u00fcros. Wohnr\u00e4ume. Geeignet f\u00fcr Anwendungen im Innen- und Au\u00dfenbereich (IP66).<\/p>\n","protected":false},"excerpt":{"rendered":"<p>Leistungsstarke IP66 gesch\u00fctzte RGBW LED-B\u00e4nder mit 1000 lm\/m f\u00fcr anspruchsvolle Anwendungen. Produkteigenschaften: Flexibles und teilbares LED-Band mit wei\u00dfen LEDs und Multichip RGB LEDs. Kleinste teilbare Einheit: 100 mm. Lebensdauer (L70\/B50): bis zu 40.000 h bei T c max. \u2264 85\u00b0C.<span class=\"excerpt-hellip\"> [\u2026]<\/span><\/p>\n","protected":false},"featured_media":330719,"template":"","meta":[],"product_brand":[],"product_cat":[87128],"product_tag":[],"class_list":{"0":"post-350256","1":"product","2":"type-product","3":"status-publish","4":"has-post-thumbnail","6":"product_cat-lichtschlauch-band","8":"first","9":"instock","10":"taxable","11":"shipping-taxable","12":"product-type-simple"},"_links":{"self":[{"href":"https:\/\/www.arclite-shop.de\/it\/wp-json\/wp\/v2\/product\/350256","targetHints":{"allow":["GET"]}}],"collection":[{"href":"https:\/\/www.arclite-shop.de\/it\/wp-json\/wp\/v2\/product"}],"about":[{"href":"https:\/\/www.arclite-shop.de\/it\/wp-json\/wp\/v2\/types\/product"}],"wp:featuredmedia":[{"embeddable":true,"href":"https:\/\/www.arclite-shop.de\/it\/wp-json\/wp\/v2\/media\/330719"}],"wp:attachment":[{"href":"https:\/\/www.arclite-shop.de\/it\/wp-json\/wp\/v2\/media?parent=350256"}],"wp:term":[{"taxonomy":"product_brand","embeddable":true,"href":"https:\/\/www.arclite-shop.de\/it\/wp-json\/wp\/v2\/product_brand?post=350256"},{"taxonomy":"product_cat","embeddable":true,"href":"https:\/\/www.arclite-shop.de\/it\/wp-json\/wp\/v2\/product_cat?post=350256"},{"taxonomy":"product_tag","embeddable":true,"href":"https:\/\/www.arclite-shop.de\/it\/wp-json\/wp\/v2\/product_tag?post=350256"}],"curies":[{"name":"wp","href":"https:\/\/api.w.org\/{rel}","templated":true}]}}