{"id":350251,"date":"2024-10-31T14:13:45","date_gmt":"2024-10-31T13:13:45","guid":{"rendered":"https:\/\/www.arclite-shop.de\/produkt\/02-4058075435858\/"},"modified":"2026-04-18T00:04:07","modified_gmt":"2026-04-17T22:04:07","slug":"02-4058075435858","status":"publish","type":"product","link":"https:\/\/www.arclite-shop.de\/it\/produkt\/02-4058075435858\/","title":{"rendered":"Telecomandi con tecnologia ad alta frequenza"},"content":{"rendered":"<p>Fernbedienungen mit Hochfrequenz-Technologie. Produkteigenschaften: Funkhandsender f\u00fcr die Ansteuerung von RGB und RGBW LED Modulen. Betriebsspannung 3 V &#8211; Batterie CR2032. Ausgangssignal: 2.4 GHz. Produktvorteile: Farbwechsel \u00fcber Touch-Wheel. Dimmung der eingestellten Lichtfarbe. Steuerung von bis zu 4 Zonen. Seperate Ansteuerung der Farben Rot, Gr\u00fcn, Blau und Wei\u00df. Inklusive Wandhalterung, Batterie (CR2032) und Zubeh\u00f6r. Anwendungsgebiete: Allgemeinbeleuchtung. Architekturbeleuchtung. Dynamische Effekte in Zonen mit Publikumsverkehr. Voutenbeleuchtung. Hotels. B\u00fcros. Wohnr\u00e4ume.<\/p>\n","protected":false},"excerpt":{"rendered":"<p>Fernbedienungen mit Hochfrequenz-Technologie. Produkteigenschaften: Funkhandsender f\u00fcr die Ansteuerung von RGB und RGBW LED Modulen. Betriebsspannung 3 V &#8211; Batterie CR2032. Ausgangssignal: 2.4 GHz. Produktvorteile: Farbwechsel \u00fcber Touch-Wheel. Dimmung der eingestellten Lichtfarbe. Steuerung von bis zu 4 Zonen. Seperate Ansteuerung der<span class=\"excerpt-hellip\"> [\u2026]<\/span><\/p>\n","protected":false},"featured_media":339757,"template":"","meta":[],"product_brand":[],"product_cat":[87015],"product_tag":[],"class_list":{"0":"post-350251","1":"product","2":"type-product","3":"status-publish","4":"has-post-thumbnail","6":"product_cat-lichtregelsystemkomponente-ledvance","8":"first","9":"instock","10":"taxable","11":"shipping-taxable","12":"product-type-simple"},"_links":{"self":[{"href":"https:\/\/www.arclite-shop.de\/it\/wp-json\/wp\/v2\/product\/350251","targetHints":{"allow":["GET"]}}],"collection":[{"href":"https:\/\/www.arclite-shop.de\/it\/wp-json\/wp\/v2\/product"}],"about":[{"href":"https:\/\/www.arclite-shop.de\/it\/wp-json\/wp\/v2\/types\/product"}],"wp:featuredmedia":[{"embeddable":true,"href":"https:\/\/www.arclite-shop.de\/it\/wp-json\/wp\/v2\/media\/339757"}],"wp:attachment":[{"href":"https:\/\/www.arclite-shop.de\/it\/wp-json\/wp\/v2\/media?parent=350251"}],"wp:term":[{"taxonomy":"product_brand","embeddable":true,"href":"https:\/\/www.arclite-shop.de\/it\/wp-json\/wp\/v2\/product_brand?post=350251"},{"taxonomy":"product_cat","embeddable":true,"href":"https:\/\/www.arclite-shop.de\/it\/wp-json\/wp\/v2\/product_cat?post=350251"},{"taxonomy":"product_tag","embeddable":true,"href":"https:\/\/www.arclite-shop.de\/it\/wp-json\/wp\/v2\/product_tag?post=350251"}],"curies":[{"name":"wp","href":"https:\/\/api.w.org\/{rel}","templated":true}]}}