{"id":350247,"date":"2024-10-31T14:13:42","date_gmt":"2024-10-31T13:13:42","guid":{"rendered":"https:\/\/www.arclite-shop.de\/produkt\/02-4058075435490\/"},"modified":"2026-04-18T00:05:15","modified_gmt":"2026-04-17T22:05:15","slug":"02-4058075435490","status":"publish","type":"product","link":"https:\/\/www.arclite-shop.de\/it\/produkt\/02-4058075435490\/","title":{"rendered":"Lampade LED con effetto GLOWdim, forma classica di candela"},"content":{"rendered":"<p>LED-Lampen mit GLOWdim-Effekt, klassische Kerzenform. Produkteigenschaften: LED-Alternative zu konventionellen Lampen. Dimmen \u00e4ndert die Lichtfarbe von Warm White (2.700 K) auf Extra Warm White (2.200 K). Gute Lichtqualit\u00e4t; Farbwiedergabeindex Ra: \u2265 80. Dimmbar. Quecksilberfreie Lampen. Produktvorteile: Sorgt beim Herunterdimmen f\u00fcr besonders warmes Licht. Steuerbar direkt \u00fcber Standard-Dimmer, keine Fernbedienung erforderlich. Einfache Kombination mit anderen GLOWdim-Produkten in einer Anwendung. Sehr lange Lebensdauer von bis zu 25.000 h. Geringer Energieverbrauch. Einfacher Lampenwechsel dank kompaktem Design. Anwendungsgebiete: Gastronomie. Historische Geb\u00e4ude. Wohnr\u00e4ume. Schiffsbeleuchtung. Einsatz im Au\u00dfenbereich nur in geeigneten Au\u00dfenleuchten.<\/p>\n","protected":false},"excerpt":{"rendered":"<p>LED-Lampen mit GLOWdim-Effekt, klassische Kerzenform. Produkteigenschaften: LED-Alternative zu konventionellen Lampen. Dimmen \u00e4ndert die Lichtfarbe von Warm White (2.700 K) auf Extra Warm White (2.200 K). Gute Lichtqualit\u00e4t; Farbwiedergabeindex Ra: \u2265 80. Dimmbar. Quecksilberfreie Lampen. Produktvorteile: Sorgt beim Herunterdimmen f\u00fcr besonders<span class=\"excerpt-hellip\"> [\u2026]<\/span><\/p>\n","protected":false},"featured_media":366618,"template":"","meta":[],"product_brand":[],"product_cat":[87060],"product_tag":[],"class_list":{"0":"post-350247","1":"product","2":"type-product","3":"status-publish","4":"has-post-thumbnail","6":"product_cat-led-lampe-multi-led","8":"first","9":"instock","10":"taxable","11":"shipping-taxable","12":"product-type-simple"},"_links":{"self":[{"href":"https:\/\/www.arclite-shop.de\/it\/wp-json\/wp\/v2\/product\/350247","targetHints":{"allow":["GET"]}}],"collection":[{"href":"https:\/\/www.arclite-shop.de\/it\/wp-json\/wp\/v2\/product"}],"about":[{"href":"https:\/\/www.arclite-shop.de\/it\/wp-json\/wp\/v2\/types\/product"}],"wp:featuredmedia":[{"embeddable":true,"href":"https:\/\/www.arclite-shop.de\/it\/wp-json\/wp\/v2\/media\/366618"}],"wp:attachment":[{"href":"https:\/\/www.arclite-shop.de\/it\/wp-json\/wp\/v2\/media?parent=350247"}],"wp:term":[{"taxonomy":"product_brand","embeddable":true,"href":"https:\/\/www.arclite-shop.de\/it\/wp-json\/wp\/v2\/product_brand?post=350247"},{"taxonomy":"product_cat","embeddable":true,"href":"https:\/\/www.arclite-shop.de\/it\/wp-json\/wp\/v2\/product_cat?post=350247"},{"taxonomy":"product_tag","embeddable":true,"href":"https:\/\/www.arclite-shop.de\/it\/wp-json\/wp\/v2\/product_tag?post=350247"}],"curies":[{"name":"wp","href":"https:\/\/api.w.org\/{rel}","templated":true}]}}