{"id":350241,"date":"2024-10-31T14:13:37","date_gmt":"2024-10-31T13:13:37","guid":{"rendered":"https:\/\/www.arclite-shop.de\/produkt\/02-4058075434745\/"},"modified":"2026-04-18T00:08:30","modified_gmt":"2026-04-17T22:08:30","slug":"02-4058075434745","status":"publish","type":"product","link":"https:\/\/www.arclite-shop.de\/it\/produkt\/02-4058075434745\/","title":{"rendered":"Lampade LED con due colori di luce in una sola lampada"},"content":{"rendered":"<p>LED-Lampen mit zwei Lichtfarben in einer Lampe. Produkteigenschaften: Steuerbar \u00fcber Standard-Wandschalter. Gute Lichtqualit\u00e4t; Farbwiedergabeindex Ra: \u2265 80. Quecksilberfreie Lampen. Produktvorteile: Erzeugt individuelle Lichtststimmungen: Warm White zum Entspannen, Cool White f\u00fcr Aktivit\u00e4t. Einfacher Farbtemperaturwechsel durch Doppelklick des Wandschalters. Immer passendes Licht durch zwei Lichtfarben in einer Lampe: Warm White und Cool White. Unterst\u00fctzt den Biorhythmus durch aktivierende und entspannende Lichtfarbe. Geringer Energieverbrauch. Einfacher Lampenwechsel dank kompaktem Design. Macht R\u00e4ume multi-funktional mit einstellbaren Lichtatmosph\u00e4ren. Macht aus K\u00fcchen, Wohnzimmern oder Homeoffices entweder Arbeitsbereiche oder Entspannungsr\u00e4ume. Anwendungsgebiete: Unterst\u00fctzung des Bio-Rhythmus in Schlaf- und Kinderzimmern. Einsatz im Au\u00dfenbereich nur in geeigneten Au\u00dfenleuchten.<\/p>\n","protected":false},"excerpt":{"rendered":"<p>LED-Lampen mit zwei Lichtfarben in einer Lampe. Produkteigenschaften: Steuerbar \u00fcber Standard-Wandschalter. Gute Lichtqualit\u00e4t; Farbwiedergabeindex Ra: \u2265 80. Quecksilberfreie Lampen. Produktvorteile: Erzeugt individuelle Lichtststimmungen: Warm White zum Entspannen, Cool White f\u00fcr Aktivit\u00e4t. Einfacher Farbtemperaturwechsel durch Doppelklick des Wandschalters. Immer passendes Licht<span class=\"excerpt-hellip\"> [\u2026]<\/span><\/p>\n","protected":false},"featured_media":366632,"template":"","meta":[],"product_brand":[],"product_cat":[87060],"product_tag":[],"class_list":{"0":"post-350241","1":"product","2":"type-product","3":"status-publish","4":"has-post-thumbnail","6":"product_cat-led-lampe-multi-led","8":"first","9":"instock","10":"taxable","11":"shipping-taxable","12":"product-type-simple"},"_links":{"self":[{"href":"https:\/\/www.arclite-shop.de\/it\/wp-json\/wp\/v2\/product\/350241","targetHints":{"allow":["GET"]}}],"collection":[{"href":"https:\/\/www.arclite-shop.de\/it\/wp-json\/wp\/v2\/product"}],"about":[{"href":"https:\/\/www.arclite-shop.de\/it\/wp-json\/wp\/v2\/types\/product"}],"wp:featuredmedia":[{"embeddable":true,"href":"https:\/\/www.arclite-shop.de\/it\/wp-json\/wp\/v2\/media\/366632"}],"wp:attachment":[{"href":"https:\/\/www.arclite-shop.de\/it\/wp-json\/wp\/v2\/media?parent=350241"}],"wp:term":[{"taxonomy":"product_brand","embeddable":true,"href":"https:\/\/www.arclite-shop.de\/it\/wp-json\/wp\/v2\/product_brand?post=350241"},{"taxonomy":"product_cat","embeddable":true,"href":"https:\/\/www.arclite-shop.de\/it\/wp-json\/wp\/v2\/product_cat?post=350241"},{"taxonomy":"product_tag","embeddable":true,"href":"https:\/\/www.arclite-shop.de\/it\/wp-json\/wp\/v2\/product_tag?post=350241"}],"curies":[{"name":"wp","href":"https:\/\/api.w.org\/{rel}","templated":true}]}}