{"id":350162,"date":"2024-10-31T14:12:42","date_gmt":"2024-10-31T13:12:42","guid":{"rendered":"https:\/\/www.arclite-shop.de\/produkt\/02-4058075402928\/"},"modified":"2026-04-18T02:26:05","modified_gmt":"2026-04-18T00:26:05","slug":"02-4058075402928","status":"publish","type":"product","link":"https:\/\/www.arclite-shop.de\/it\/produkt\/02-4058075402928\/","title":{"rendered":"Kit di pendenti per luci a pannello"},"content":{"rendered":"<p>Pendelsatz f\u00fcr Panel-Leuchten. Produkteigenschaften: Anpassbare Stahlseile, maximale L\u00e4nge jeweils: 1.5 m. Produktvorteile: Justierbarer Pendell\u00e4nge bis 1,5m mittels Schraubverbindung.<\/p>\n","protected":false},"excerpt":{"rendered":"<p>Pendelsatz f\u00fcr Panel-Leuchten. Produkteigenschaften: Anpassbare Stahlseile, maximale L\u00e4nge jeweils: 1.5 m. Produktvorteile: Justierbarer Pendell\u00e4nge bis 1,5m mittels Schraubverbindung.<\/p>\n","protected":false},"featured_media":283812,"template":"","meta":[],"product_brand":[],"product_cat":[87054],"product_tag":[],"class_list":{"0":"post-350162","1":"product","2":"type-product","3":"status-publish","4":"has-post-thumbnail","6":"product_cat-mechanisches-zubehoer-ersatzteile-fuer-leuchten-ledvance","8":"first","9":"instock","10":"taxable","11":"shipping-taxable","12":"product-type-simple"},"_links":{"self":[{"href":"https:\/\/www.arclite-shop.de\/it\/wp-json\/wp\/v2\/product\/350162","targetHints":{"allow":["GET"]}}],"collection":[{"href":"https:\/\/www.arclite-shop.de\/it\/wp-json\/wp\/v2\/product"}],"about":[{"href":"https:\/\/www.arclite-shop.de\/it\/wp-json\/wp\/v2\/types\/product"}],"wp:featuredmedia":[{"embeddable":true,"href":"https:\/\/www.arclite-shop.de\/it\/wp-json\/wp\/v2\/media\/283812"}],"wp:attachment":[{"href":"https:\/\/www.arclite-shop.de\/it\/wp-json\/wp\/v2\/media?parent=350162"}],"wp:term":[{"taxonomy":"product_brand","embeddable":true,"href":"https:\/\/www.arclite-shop.de\/it\/wp-json\/wp\/v2\/product_brand?post=350162"},{"taxonomy":"product_cat","embeddable":true,"href":"https:\/\/www.arclite-shop.de\/it\/wp-json\/wp\/v2\/product_cat?post=350162"},{"taxonomy":"product_tag","embeddable":true,"href":"https:\/\/www.arclite-shop.de\/it\/wp-json\/wp\/v2\/product_tag?post=350162"}],"curies":[{"name":"wp","href":"https:\/\/api.w.org\/{rel}","templated":true}]}}