{"id":350125,"date":"2024-10-31T14:12:15","date_gmt":"2024-10-31T13:12:15","guid":{"rendered":"https:\/\/www.arclite-shop.de\/produkt\/02-4058075399358\/"},"modified":"2026-04-18T02:33:28","modified_gmt":"2026-04-18T00:33:28","slug":"02-4058075399358","status":"publish","type":"product","link":"https:\/\/www.arclite-shop.de\/it\/produkt\/02-4058075399358\/","title":{"rendered":"Anello di copertura attaccabile (IK10)"},"content":{"rendered":"<p>Aufsteckbarer Abdeckring (IK10). Produkteigenschaften: Aufsteckring f\u00fcr Surface Bulkhead. Verf\u00fcgbar f\u00fcr die 250 mm und 300 mm Versionen. In schwarz und weiss verf\u00fcgbar. Sto\u00dffestigkeit: IK10. Technische Ausstattung: Diebstahlschutzschraube enthalten.<\/p>\n","protected":false},"excerpt":{"rendered":"<p>Aufsteckbarer Abdeckring (IK10). Produkteigenschaften: Aufsteckring f\u00fcr Surface Bulkhead. Verf\u00fcgbar f\u00fcr die 250 mm und 300 mm Versionen. In schwarz und weiss verf\u00fcgbar. Sto\u00dffestigkeit: IK10. Technische Ausstattung: Diebstahlschutzschraube enthalten.<\/p>\n","protected":false},"featured_media":366784,"template":"","meta":[],"product_brand":[],"product_cat":[95267],"product_tag":[],"class_list":{"0":"post-350125","1":"product","2":"type-product","3":"status-publish","4":"has-post-thumbnail","6":"product_cat-lichttechnisches-zubehoer-ersatzteile-fuer-leuchten-ledvance","8":"first","9":"instock","10":"taxable","11":"shipping-taxable","12":"product-type-simple"},"_links":{"self":[{"href":"https:\/\/www.arclite-shop.de\/it\/wp-json\/wp\/v2\/product\/350125","targetHints":{"allow":["GET"]}}],"collection":[{"href":"https:\/\/www.arclite-shop.de\/it\/wp-json\/wp\/v2\/product"}],"about":[{"href":"https:\/\/www.arclite-shop.de\/it\/wp-json\/wp\/v2\/types\/product"}],"wp:featuredmedia":[{"embeddable":true,"href":"https:\/\/www.arclite-shop.de\/it\/wp-json\/wp\/v2\/media\/366784"}],"wp:attachment":[{"href":"https:\/\/www.arclite-shop.de\/it\/wp-json\/wp\/v2\/media?parent=350125"}],"wp:term":[{"taxonomy":"product_brand","embeddable":true,"href":"https:\/\/www.arclite-shop.de\/it\/wp-json\/wp\/v2\/product_brand?post=350125"},{"taxonomy":"product_cat","embeddable":true,"href":"https:\/\/www.arclite-shop.de\/it\/wp-json\/wp\/v2\/product_cat?post=350125"},{"taxonomy":"product_tag","embeddable":true,"href":"https:\/\/www.arclite-shop.de\/it\/wp-json\/wp\/v2\/product_tag?post=350125"}],"curies":[{"name":"wp","href":"https:\/\/api.w.org\/{rel}","templated":true}]}}