{"id":350118,"date":"2024-10-31T14:12:11","date_gmt":"2024-10-31T13:12:11","guid":{"rendered":"https:\/\/www.arclite-shop.de\/produkt\/02-4058075392625\/"},"modified":"2026-04-18T02:35:48","modified_gmt":"2026-04-18T00:35:48","slug":"02-4058075392625","status":"publish","type":"product","link":"https:\/\/www.arclite-shop.de\/it\/produkt\/02-4058075392625\/","title":{"rendered":"Lampade da parete, cilindriche con diffusore di vetro"},"content":{"rendered":"<p>Wandleuchten, zylinderf\u00f6rmig mit Glasdiffusor. Produkteigenschaften: Diffusor aus mattiertem Glas. Geh\u00e4use aus Aluminiumdruckguss. Schutzart: IP43. Produktvorteile: Hohe Flexibilit\u00e4t bei der Wahl des Leuchtmittels dank E27-Fassung. Geeignet f\u00fcr smarte Anwendungen dank Kompatibilit\u00e4t mit Smart+ Lampen von LEDVANCE. Einfache und schnelle Installation. Anwendungsgebiete: Eingangsbeleuchtung. Terrassen, Balkone. Technische Ausstattung: Vollst\u00e4ndiges Montage- und Anschlusszubeh\u00f6r enthalten. Keine Leuchtmittel enthalten.<\/p>\n","protected":false},"excerpt":{"rendered":"<p>Wandleuchten, zylinderf\u00f6rmig mit Glasdiffusor. Produkteigenschaften: Diffusor aus mattiertem Glas. Geh\u00e4use aus Aluminiumdruckguss. Schutzart: IP43. Produktvorteile: Hohe Flexibilit\u00e4t bei der Wahl des Leuchtmittels dank E27-Fassung. Geeignet f\u00fcr smarte Anwendungen dank Kompatibilit\u00e4t mit Smart+ Lampen von LEDVANCE. Einfache und schnelle Installation. Anwendungsgebiete:<span class=\"excerpt-hellip\"> [\u2026]<\/span><\/p>\n","protected":false},"featured_media":366794,"template":"","meta":[],"product_brand":[],"product_cat":[87052],"product_tag":[],"class_list":{"0":"post-350118","1":"product","2":"type-product","3":"status-publish","4":"has-post-thumbnail","6":"product_cat-decken-wandleuchte","8":"first","9":"instock","10":"taxable","11":"shipping-taxable","12":"product-type-simple"},"_links":{"self":[{"href":"https:\/\/www.arclite-shop.de\/it\/wp-json\/wp\/v2\/product\/350118","targetHints":{"allow":["GET"]}}],"collection":[{"href":"https:\/\/www.arclite-shop.de\/it\/wp-json\/wp\/v2\/product"}],"about":[{"href":"https:\/\/www.arclite-shop.de\/it\/wp-json\/wp\/v2\/types\/product"}],"wp:featuredmedia":[{"embeddable":true,"href":"https:\/\/www.arclite-shop.de\/it\/wp-json\/wp\/v2\/media\/366794"}],"wp:attachment":[{"href":"https:\/\/www.arclite-shop.de\/it\/wp-json\/wp\/v2\/media?parent=350118"}],"wp:term":[{"taxonomy":"product_brand","embeddable":true,"href":"https:\/\/www.arclite-shop.de\/it\/wp-json\/wp\/v2\/product_brand?post=350118"},{"taxonomy":"product_cat","embeddable":true,"href":"https:\/\/www.arclite-shop.de\/it\/wp-json\/wp\/v2\/product_cat?post=350118"},{"taxonomy":"product_tag","embeddable":true,"href":"https:\/\/www.arclite-shop.de\/it\/wp-json\/wp\/v2\/product_tag?post=350118"}],"curies":[{"name":"wp","href":"https:\/\/api.w.org\/{rel}","templated":true}]}}