{"id":350116,"date":"2024-10-31T14:12:10","date_gmt":"2024-10-31T13:12:10","guid":{"rendered":"https:\/\/www.arclite-shop.de\/produkt\/02-4058075389885\/"},"modified":"2026-04-18T02:36:47","modified_gmt":"2026-04-18T00:36:47","slug":"02-4058075389885","status":"publish","type":"product","link":"https:\/\/www.arclite-shop.de\/it\/produkt\/02-4058075389885\/","title":{"rendered":"Lampade LED, forma classica a bacchetta"},"content":{"rendered":"<p>LED-Lampen, klassische Stabform. Produkteigenschaften: LED-Alternative zu konventionellen Lampen. Gute Lichtqualit\u00e4t; Farbwiedergabeindex Ra: \u2265 80; konstanter Farbort. Quecksilberfreie Lampen. Produktvorteile: Geringer Energieverbrauch. Formsch\u00f6nes Lampendesign. Anwendungsgebiete: Wohnr\u00e4ume, speziell wenn die Lampe sichtbar ist. \u00dcberall wo kompakte, effiziente Lampen ben\u00f6tigt werden. Bei hohen Anforderungen an die Lebensdauer und Schaltfestigkeit. Einsatz im Au\u00dfenbereich nur in geeigneten Au\u00dfenleuchten.<\/p>\n","protected":false},"excerpt":{"rendered":"<p>LED-Lampen, klassische Stabform. Produkteigenschaften: LED-Alternative zu konventionellen Lampen. Gute Lichtqualit\u00e4t; Farbwiedergabeindex Ra: \u2265 80; konstanter Farbort. Quecksilberfreie Lampen. Produktvorteile: Geringer Energieverbrauch. Formsch\u00f6nes Lampendesign. Anwendungsgebiete: Wohnr\u00e4ume, speziell wenn die Lampe sichtbar ist. \u00dcberall wo kompakte, effiziente Lampen ben\u00f6tigt werden. Bei hohen<span class=\"excerpt-hellip\"> [\u2026]<\/span><\/p>\n","protected":false},"featured_media":339830,"template":"","meta":[],"product_brand":[],"product_cat":[87060],"product_tag":[],"class_list":{"0":"post-350116","1":"product","2":"type-product","3":"status-publish","4":"has-post-thumbnail","6":"product_cat-led-lampe-multi-led","8":"first","9":"instock","10":"taxable","11":"shipping-taxable","12":"product-type-simple"},"_links":{"self":[{"href":"https:\/\/www.arclite-shop.de\/it\/wp-json\/wp\/v2\/product\/350116","targetHints":{"allow":["GET"]}}],"collection":[{"href":"https:\/\/www.arclite-shop.de\/it\/wp-json\/wp\/v2\/product"}],"about":[{"href":"https:\/\/www.arclite-shop.de\/it\/wp-json\/wp\/v2\/types\/product"}],"wp:featuredmedia":[{"embeddable":true,"href":"https:\/\/www.arclite-shop.de\/it\/wp-json\/wp\/v2\/media\/339830"}],"wp:attachment":[{"href":"https:\/\/www.arclite-shop.de\/it\/wp-json\/wp\/v2\/media?parent=350116"}],"wp:term":[{"taxonomy":"product_brand","embeddable":true,"href":"https:\/\/www.arclite-shop.de\/it\/wp-json\/wp\/v2\/product_brand?post=350116"},{"taxonomy":"product_cat","embeddable":true,"href":"https:\/\/www.arclite-shop.de\/it\/wp-json\/wp\/v2\/product_cat?post=350116"},{"taxonomy":"product_tag","embeddable":true,"href":"https:\/\/www.arclite-shop.de\/it\/wp-json\/wp\/v2\/product_tag?post=350116"}],"curies":[{"name":"wp","href":"https:\/\/api.w.org\/{rel}","templated":true}]}}