{"id":350110,"date":"2024-10-31T14:12:06","date_gmt":"2024-10-31T13:12:06","guid":{"rendered":"https:\/\/www.arclite-shop.de\/produkt\/02-4058075372658\/"},"modified":"2026-04-18T02:39:33","modified_gmt":"2026-04-18T00:39:33","slug":"02-4058075372658","status":"publish","type":"product","link":"https:\/\/www.arclite-shop.de\/it\/produkt\/02-4058075372658\/","title":{"rendered":"Riflettori con distribuzione luminosa simmetrica rotazionale per grandi altezze di alberi"},"content":{"rendered":"<p>Scheinwerfer mit rotationssymmetrischer Lichtverteilung f\u00fcr gro\u00dfe Masth\u00f6hen. Produkteigenschaften: Rotationssymmetrische Lichtverteilung f\u00fcr hohe Installationsh\u00f6hen. Verschiedene Varianten mit unterschiedlicher Lichtverteilung verf\u00fcgbar. Montageb\u00fcgel mit Rotationsbereich von bis zu 180\u00b0. Vorinstalliertes, flexibles Kabel (H05RN-F) mit 1 m L\u00e4nge, 3 x 1.0 mm\u00b2 gekrimpt. Produktvorteile: Energieersparnis von bis zu 90 % verglichen mit Halogenlampen-Flutern. Bis zu 45 % Energieersparnis verglichen mit Leuchten, die herk\u00f6mmliche Entladungslampen nutzen. Homogene Lichtausstrahlung. 5 Jahre Garantie. Anwendungsgebiete: Direkter Ersatz f\u00fcr Leuchten, die HID-Lampen verwenden. Sportst\u00e4tten. Industrie. Beleuchtung von gro\u00dfen Fl\u00e4chen.<\/p>\n","protected":false},"excerpt":{"rendered":"<p>Scheinwerfer mit rotationssymmetrischer Lichtverteilung f\u00fcr gro\u00dfe Masth\u00f6hen. Produkteigenschaften: Rotationssymmetrische Lichtverteilung f\u00fcr hohe Installationsh\u00f6hen. Verschiedene Varianten mit unterschiedlicher Lichtverteilung verf\u00fcgbar. Montageb\u00fcgel mit Rotationsbereich von bis zu 180\u00b0. Vorinstalliertes, flexibles Kabel (H05RN-F) mit 1 m L\u00e4nge, 3 x 1.0 mm\u00b2 gekrimpt. Produktvorteile:<span class=\"excerpt-hellip\"> [\u2026]<\/span><\/p>\n","protected":false},"featured_media":366804,"template":"","meta":[],"product_brand":[],"product_cat":[87053],"product_tag":[],"class_list":{"0":"post-350110","1":"product","2":"type-product","3":"status-publish","4":"has-post-thumbnail","6":"product_cat-downlight-strahler-flutlicht","8":"first","9":"instock","10":"taxable","11":"shipping-taxable","12":"product-type-simple"},"_links":{"self":[{"href":"https:\/\/www.arclite-shop.de\/it\/wp-json\/wp\/v2\/product\/350110","targetHints":{"allow":["GET"]}}],"collection":[{"href":"https:\/\/www.arclite-shop.de\/it\/wp-json\/wp\/v2\/product"}],"about":[{"href":"https:\/\/www.arclite-shop.de\/it\/wp-json\/wp\/v2\/types\/product"}],"wp:featuredmedia":[{"embeddable":true,"href":"https:\/\/www.arclite-shop.de\/it\/wp-json\/wp\/v2\/media\/366804"}],"wp:attachment":[{"href":"https:\/\/www.arclite-shop.de\/it\/wp-json\/wp\/v2\/media?parent=350110"}],"wp:term":[{"taxonomy":"product_brand","embeddable":true,"href":"https:\/\/www.arclite-shop.de\/it\/wp-json\/wp\/v2\/product_brand?post=350110"},{"taxonomy":"product_cat","embeddable":true,"href":"https:\/\/www.arclite-shop.de\/it\/wp-json\/wp\/v2\/product_cat?post=350110"},{"taxonomy":"product_tag","embeddable":true,"href":"https:\/\/www.arclite-shop.de\/it\/wp-json\/wp\/v2\/product_tag?post=350110"}],"curies":[{"name":"wp","href":"https:\/\/api.w.org\/{rel}","templated":true}]}}