{"id":350069,"date":"2024-10-31T14:11:37","date_gmt":"2024-10-31T13:11:37","guid":{"rendered":"https:\/\/www.arclite-shop.de\/produkt\/02-4058075335769\/"},"modified":"2026-04-18T03:41:32","modified_gmt":"2026-04-18T01:41:32","slug":"02-4058075335769","status":"publish","type":"product","link":"https:\/\/www.arclite-shop.de\/it\/produkt\/02-4058075335769\/","title":{"rendered":"Riflettore a traccia trifase dimmerabile con obiettivo zoom meccanico"},"content":{"rendered":"<p>Dimmbarer 3-Phasen-Stromschienen-Strahler mit mechanischem Zoomobjektiv. Produkteigenschaften: Mechanisches Zoomobjektiv mit einem Ausstrahlungswinkel von 15 \u00b0 bis 55 \u00b0. Dimmbar (7% &#8211; 100%) \u00fcber Schiebepotentiometer direkt an jeder Leuchte. Hervorragender Farbwiedergabeindex Ra: 97. Farbwiedergabeindex Ra9: &gt; 90. Anf\u00e4ngliche Farbkonsistenz: \u2264 4 SDCM (Schwellwerteinheit). Drehwinkel: 350\u00b0, Neigungswinkel: 90\u00b0. Folgt der einheitlichen Designsprache von LEDVANCE (SCALE Design). Geh\u00e4use aus robustem Alu-Druckguss. Verf\u00fcgbar in Mattwei\u00df (\u00e4hnlich RAL9016), Mattschwarz (\u00e4hnlich RAL9004). Leuchten-Lichtausbeute: bis zu 70 lm\/W. Produktvorteile: Dimmbarer 3-Phasen-Stromschienen-Strahler mit mechanischem Zoomobjektiv. Enthaltener 3-Phasenadapter kompatibel mit verbreiteten Stromschienen (GLOBAL, EUTRAC, POWERGEAR, STAFF, NORLUX, NUCO, NORDIC). Keine Ablenkung der Aufmerksamkeit von den beleuchteten Objekten dank kompaktem Design. Flimmerarmes Licht dank speziellem elektronischen Vorschaltger\u00e4t. 5 Jahre Garantie. Anwendungsgebiete: Direkter Ersatz f\u00fcr Leuchten, die HID-Lampen verwenden. Akzentbeleuchtung. Galerien, Museen. Modegesch\u00e4fte, Accessoiresgesch\u00e4fte. Shops, Umkleidekabinen, Schaufenster. Hotels, Restaurants, Shops.<\/p>\n","protected":false},"excerpt":{"rendered":"<p>Dimmbarer 3-Phasen-Stromschienen-Strahler mit mechanischem Zoomobjektiv. Produkteigenschaften: Mechanisches Zoomobjektiv mit einem Ausstrahlungswinkel von 15 \u00b0 bis 55 \u00b0. Dimmbar (7% &#8211; 100%) \u00fcber Schiebepotentiometer direkt an jeder Leuchte. Hervorragender Farbwiedergabeindex Ra: 97. Farbwiedergabeindex Ra9: &gt; 90. Anf\u00e4ngliche Farbkonsistenz: \u2264 4 SDCM<span class=\"excerpt-hellip\"> [\u2026]<\/span><\/p>\n","protected":false},"featured_media":366812,"template":"","meta":[],"product_brand":[],"product_cat":[87053],"product_tag":[],"class_list":{"0":"post-350069","1":"product","2":"type-product","3":"status-publish","4":"has-post-thumbnail","6":"product_cat-downlight-strahler-flutlicht","8":"first","9":"instock","10":"taxable","11":"shipping-taxable","12":"product-type-simple"},"_links":{"self":[{"href":"https:\/\/www.arclite-shop.de\/it\/wp-json\/wp\/v2\/product\/350069","targetHints":{"allow":["GET"]}}],"collection":[{"href":"https:\/\/www.arclite-shop.de\/it\/wp-json\/wp\/v2\/product"}],"about":[{"href":"https:\/\/www.arclite-shop.de\/it\/wp-json\/wp\/v2\/types\/product"}],"wp:featuredmedia":[{"embeddable":true,"href":"https:\/\/www.arclite-shop.de\/it\/wp-json\/wp\/v2\/media\/366812"}],"wp:attachment":[{"href":"https:\/\/www.arclite-shop.de\/it\/wp-json\/wp\/v2\/media?parent=350069"}],"wp:term":[{"taxonomy":"product_brand","embeddable":true,"href":"https:\/\/www.arclite-shop.de\/it\/wp-json\/wp\/v2\/product_brand?post=350069"},{"taxonomy":"product_cat","embeddable":true,"href":"https:\/\/www.arclite-shop.de\/it\/wp-json\/wp\/v2\/product_cat?post=350069"},{"taxonomy":"product_tag","embeddable":true,"href":"https:\/\/www.arclite-shop.de\/it\/wp-json\/wp\/v2\/product_tag?post=350069"}],"curies":[{"name":"wp","href":"https:\/\/api.w.org\/{rel}","templated":true}]}}