{"id":350058,"date":"2024-10-31T14:11:30","date_gmt":"2024-10-31T13:11:30","guid":{"rendered":"https:\/\/www.arclite-shop.de\/produkt\/02-4058075300828\/"},"modified":"2026-04-18T03:45:32","modified_gmt":"2026-04-18T01:45:32","slug":"02-4058075300828","status":"publish","type":"product","link":"https:\/\/www.arclite-shop.de\/it\/produkt\/02-4058075300828\/","title":{"rendered":"Lumini impermeabili, forma classica"},"content":{"rendered":"<p>Feuchtraumleuchten, klassische Form. Produkteigenschaften: Hohe Lichtausbeute: bis zu 120 lm\/W. Schutzart: IP65. Ausstrahlungswinkel: 115\u00b0. Durchverdrahtung m\u00f6glich. Geh\u00e4use aus Polycarbonat. Produktvorteile: Gleichm\u00e4\u00dfige Lichtverteilung. Bis zu 50 % Energieersparnis (verglichen mit Leuchten, die Leuchtstofflampen verwenden). Einfache Installation, werkzeugloser Anschluss. 3 Jahre Garantie. Anwendungsgebiete: Industrie- und Lagerareale. Parkpl\u00e4tze und Unterf\u00fchrungen. Garagen. Werkst\u00e4tten, Fertigungsstra\u00dfen. Technische Ausstattung: Klammern aus Edelstahl und Sicherheitsschrauben enthalten. Montagezubeh\u00f6r enthalten (Abh\u00e4ngungs-Kit, Diebstahlschutz-Kit).<\/p>\n","protected":false},"excerpt":{"rendered":"<p>Feuchtraumleuchten, klassische Form. Produkteigenschaften: Hohe Lichtausbeute: bis zu 120 lm\/W. Schutzart: IP65. Ausstrahlungswinkel: 115\u00b0. Durchverdrahtung m\u00f6glich. Geh\u00e4use aus Polycarbonat. Produktvorteile: Gleichm\u00e4\u00dfige Lichtverteilung. Bis zu 50 % Energieersparnis (verglichen mit Leuchten, die Leuchtstofflampen verwenden). Einfache Installation, werkzeugloser Anschluss. 3 Jahre Garantie.<span class=\"excerpt-hellip\"> [\u2026]<\/span><\/p>\n","protected":false},"featured_media":366826,"template":"","meta":[],"product_brand":[],"product_cat":[87052],"product_tag":[],"class_list":{"0":"post-350058","1":"product","2":"type-product","3":"status-publish","4":"has-post-thumbnail","6":"product_cat-decken-wandleuchte","8":"first","9":"outofstock","10":"taxable","11":"shipping-taxable","12":"product-type-simple"},"_links":{"self":[{"href":"https:\/\/www.arclite-shop.de\/it\/wp-json\/wp\/v2\/product\/350058","targetHints":{"allow":["GET"]}}],"collection":[{"href":"https:\/\/www.arclite-shop.de\/it\/wp-json\/wp\/v2\/product"}],"about":[{"href":"https:\/\/www.arclite-shop.de\/it\/wp-json\/wp\/v2\/types\/product"}],"wp:featuredmedia":[{"embeddable":true,"href":"https:\/\/www.arclite-shop.de\/it\/wp-json\/wp\/v2\/media\/366826"}],"wp:attachment":[{"href":"https:\/\/www.arclite-shop.de\/it\/wp-json\/wp\/v2\/media?parent=350058"}],"wp:term":[{"taxonomy":"product_brand","embeddable":true,"href":"https:\/\/www.arclite-shop.de\/it\/wp-json\/wp\/v2\/product_brand?post=350058"},{"taxonomy":"product_cat","embeddable":true,"href":"https:\/\/www.arclite-shop.de\/it\/wp-json\/wp\/v2\/product_cat?post=350058"},{"taxonomy":"product_tag","embeddable":true,"href":"https:\/\/www.arclite-shop.de\/it\/wp-json\/wp\/v2\/product_tag?post=350058"}],"curies":[{"name":"wp","href":"https:\/\/api.w.org\/{rel}","templated":true}]}}