{"id":350018,"date":"2024-10-31T14:11:02","date_gmt":"2024-10-31T13:11:02","guid":{"rendered":"https:\/\/www.arclite-shop.de\/produkt\/02-4058075277694\/"},"modified":"2026-04-18T04:01:38","modified_gmt":"2026-04-18T02:01:38","slug":"02-4058075277694","status":"publish","type":"product","link":"https:\/\/www.arclite-shop.de\/it\/produkt\/02-4058075277694\/","title":{"rendered":"Profili piatti per strisce LED"},"content":{"rendered":"<p>Flache Profile f\u00fcr LED-B\u00e4nder. Produktvorteile: Flache Bauh\u00f6he. Schnelle und einfache Montage. Anwendungsgebiete: Allgemeine Innenbeleuchtung.<\/p>\n","protected":false},"excerpt":{"rendered":"<p>Flache Profile f\u00fcr LED-B\u00e4nder. Produktvorteile: Flache Bauh\u00f6he. Schnelle und einfache Montage. Anwendungsgebiete: Allgemeine Innenbeleuchtung.<\/p>\n","protected":false},"featured_media":366872,"template":"","meta":[],"product_brand":[],"product_cat":[87163],"product_tag":[],"class_list":{"0":"post-350018","1":"product","2":"type-product","3":"status-publish","4":"has-post-thumbnail","6":"product_cat-zubehoer-ersatzteile-fuer-lichtschlauch-band-ledvance","8":"first","9":"instock","10":"taxable","11":"shipping-taxable","12":"product-type-simple"},"_links":{"self":[{"href":"https:\/\/www.arclite-shop.de\/it\/wp-json\/wp\/v2\/product\/350018","targetHints":{"allow":["GET"]}}],"collection":[{"href":"https:\/\/www.arclite-shop.de\/it\/wp-json\/wp\/v2\/product"}],"about":[{"href":"https:\/\/www.arclite-shop.de\/it\/wp-json\/wp\/v2\/types\/product"}],"wp:featuredmedia":[{"embeddable":true,"href":"https:\/\/www.arclite-shop.de\/it\/wp-json\/wp\/v2\/media\/366872"}],"wp:attachment":[{"href":"https:\/\/www.arclite-shop.de\/it\/wp-json\/wp\/v2\/media?parent=350018"}],"wp:term":[{"taxonomy":"product_brand","embeddable":true,"href":"https:\/\/www.arclite-shop.de\/it\/wp-json\/wp\/v2\/product_brand?post=350018"},{"taxonomy":"product_cat","embeddable":true,"href":"https:\/\/www.arclite-shop.de\/it\/wp-json\/wp\/v2\/product_cat?post=350018"},{"taxonomy":"product_tag","embeddable":true,"href":"https:\/\/www.arclite-shop.de\/it\/wp-json\/wp\/v2\/product_tag?post=350018"}],"curies":[{"name":"wp","href":"https:\/\/api.w.org\/{rel}","templated":true}]}}