{"id":349962,"date":"2024-10-31T14:10:22","date_gmt":"2024-10-31T13:10:22","guid":{"rendered":"https:\/\/www.arclite-shop.de\/produkt\/02-4058075244733\/"},"modified":"2026-04-18T04:17:22","modified_gmt":"2026-04-18T02:17:22","slug":"02-4058075244733","status":"publish","type":"product","link":"https:\/\/www.arclite-shop.de\/it\/produkt\/02-4058075244733\/","title":{"rendered":"Sensori di movimento e luce autonomi per montaggio a parete con rilevamento del movimento a 110\u00b0"},"content":{"rendered":"<p>Stand-alone Bewegungs-und Lichtsensoren f\u00fcr Wandmontage mit 110\u00b0 Bewegungserfassung. Produkteigenschaften: Einschalten bei Bewegung. Schutzart: IP44. Schutzklasse: II. Produktvorteile: Sensor f\u00fcr hohe Energieeinsparung. Anwendungsgebiete: Au\u00dfenbereiche. Korridore, Eingangsbereiche. Garagen. Keller. Arkadeng\u00e4nge.<\/p>\n","protected":false},"excerpt":{"rendered":"<p>Stand-alone Bewegungs-und Lichtsensoren f\u00fcr Wandmontage mit 110\u00b0 Bewegungserfassung. Produkteigenschaften: Einschalten bei Bewegung. Schutzart: IP44. Schutzklasse: II. Produktvorteile: Sensor f\u00fcr hohe Energieeinsparung. Anwendungsgebiete: Au\u00dfenbereiche. Korridore, Eingangsbereiche. Garagen. Keller. Arkadeng\u00e4nge.<\/p>\n","protected":false},"featured_media":366978,"template":"","meta":[],"product_brand":[],"product_cat":[87127],"product_tag":[],"class_list":{"0":"post-349962","1":"product","2":"type-product","3":"status-publish","4":"has-post-thumbnail","6":"product_cat-bewegungsmelder-sensor","8":"first","9":"outofstock","10":"taxable","11":"shipping-taxable","12":"product-type-simple"},"_links":{"self":[{"href":"https:\/\/www.arclite-shop.de\/it\/wp-json\/wp\/v2\/product\/349962","targetHints":{"allow":["GET"]}}],"collection":[{"href":"https:\/\/www.arclite-shop.de\/it\/wp-json\/wp\/v2\/product"}],"about":[{"href":"https:\/\/www.arclite-shop.de\/it\/wp-json\/wp\/v2\/types\/product"}],"wp:featuredmedia":[{"embeddable":true,"href":"https:\/\/www.arclite-shop.de\/it\/wp-json\/wp\/v2\/media\/366978"}],"wp:attachment":[{"href":"https:\/\/www.arclite-shop.de\/it\/wp-json\/wp\/v2\/media?parent=349962"}],"wp:term":[{"taxonomy":"product_brand","embeddable":true,"href":"https:\/\/www.arclite-shop.de\/it\/wp-json\/wp\/v2\/product_brand?post=349962"},{"taxonomy":"product_cat","embeddable":true,"href":"https:\/\/www.arclite-shop.de\/it\/wp-json\/wp\/v2\/product_cat?post=349962"},{"taxonomy":"product_tag","embeddable":true,"href":"https:\/\/www.arclite-shop.de\/it\/wp-json\/wp\/v2\/product_tag?post=349962"}],"curies":[{"name":"wp","href":"https:\/\/api.w.org\/{rel}","templated":true}]}}