{"id":349959,"date":"2024-10-31T14:10:20","date_gmt":"2024-10-31T13:10:20","guid":{"rendered":"https:\/\/www.arclite-shop.de\/produkt\/02-4058075240155\/"},"modified":"2026-04-18T04:18:41","modified_gmt":"2026-04-18T02:18:41","slug":"02-4058075240155","status":"publish","type":"product","link":"https:\/\/www.arclite-shop.de\/it\/produkt\/02-4058075240155\/","title":{"rendered":"Driver LED a tensione costante esterno con interfaccia dimming 1-10V"},"content":{"rendered":"<p>Konstantspannungs LED-Treiber f\u00fcr den Au\u00dfenbereich mit 1-10 V-Dimmschnittstelle. Produkteigenschaften: Verf\u00fcgbar in 20 W, 40 W, 60 W, 100 W, 150 W und 250 W. Dimmbar \u00fcber 1\u202610 V-Dimmsteuerung. Dimmbar von 10\u2026100 %. Lebensdauer: bis zu 50.000 h (bei max. tc Temperatur). Schutzart: IP66. Betriebstemperaturbereich bei ta: -40\u202650 \u00b0C. Versorgungsspannung: 220\u2026240 V. Betriebsfrequenz: 50\/60 Hz. \u00dcberspannungsschutz: bis zu 6 kV (L-N), 6 kV (L\/N-PE). Kurzschluss- und \u00dcberlastschutz. Produktvorteile: Optimiert f\u00fcr den Betrieb mit 24 V flexiblen LED-Lichtband. 5 Jahre Garantie. Sehr stabile Ausgangsleistung. Schnelle und einfache Installation durch Vorverdrahtung. Hohe Effizienz und Zuverl\u00e4ssigkeit. Installation in sehr kalten und hei\u00dfen Umgebungen. Anwendungsgebiete: Geeignet f\u00fcr Installationen im Innen- und Au\u00dfenbereich. Fassaden- und Geb\u00e4udebeleuchtung. Besonders geeignet zur Beleuchtung von \u00f6ffentlichen R\u00e4umen. B\u00e4der, K\u00fcchen und Aussenbereiche. B\u00fcros, Einkaufszentren, Krankenh\u00e4user, Restaurants, Hotels.<\/p>\n","protected":false},"excerpt":{"rendered":"<p>Konstantspannungs LED-Treiber f\u00fcr den Au\u00dfenbereich mit 1-10 V-Dimmschnittstelle. Produkteigenschaften: Verf\u00fcgbar in 20 W, 40 W, 60 W, 100 W, 150 W und 250 W. Dimmbar \u00fcber 1\u202610 V-Dimmsteuerung. Dimmbar von 10\u2026100 %. Lebensdauer: bis zu 50.000 h (bei max. tc<span class=\"excerpt-hellip\"> [\u2026]<\/span><\/p>\n","protected":false},"featured_media":366984,"template":"","meta":[],"product_brand":[],"product_cat":[87021],"product_tag":[],"class_list":{"0":"post-349959","1":"product","2":"type-product","3":"status-publish","4":"has-post-thumbnail","6":"product_cat-led-betriebsgeraet-ledvance","8":"first","9":"instock","10":"taxable","11":"shipping-taxable","12":"product-type-simple"},"_links":{"self":[{"href":"https:\/\/www.arclite-shop.de\/it\/wp-json\/wp\/v2\/product\/349959","targetHints":{"allow":["GET"]}}],"collection":[{"href":"https:\/\/www.arclite-shop.de\/it\/wp-json\/wp\/v2\/product"}],"about":[{"href":"https:\/\/www.arclite-shop.de\/it\/wp-json\/wp\/v2\/types\/product"}],"wp:featuredmedia":[{"embeddable":true,"href":"https:\/\/www.arclite-shop.de\/it\/wp-json\/wp\/v2\/media\/366984"}],"wp:attachment":[{"href":"https:\/\/www.arclite-shop.de\/it\/wp-json\/wp\/v2\/media?parent=349959"}],"wp:term":[{"taxonomy":"product_brand","embeddable":true,"href":"https:\/\/www.arclite-shop.de\/it\/wp-json\/wp\/v2\/product_brand?post=349959"},{"taxonomy":"product_cat","embeddable":true,"href":"https:\/\/www.arclite-shop.de\/it\/wp-json\/wp\/v2\/product_cat?post=349959"},{"taxonomy":"product_tag","embeddable":true,"href":"https:\/\/www.arclite-shop.de\/it\/wp-json\/wp\/v2\/product_tag?post=349959"}],"curies":[{"name":"wp","href":"https:\/\/api.w.org\/{rel}","templated":true}]}}