{"id":349950,"date":"2024-10-31T14:10:14","date_gmt":"2024-10-31T13:10:14","guid":{"rendered":"https:\/\/www.arclite-shop.de\/produkt\/02-4058075239876\/"},"modified":"2026-04-18T04:21:59","modified_gmt":"2026-04-18T02:21:59","slug":"02-4058075239876","status":"publish","type":"product","link":"https:\/\/www.arclite-shop.de\/it\/produkt\/02-4058075239876\/","title":{"rendered":"Driver LED a corrente costante con interfaccia di dimming per il filo di fase"},"content":{"rendered":"<p>Konstantstrom LED-Treiber mit Dimmschnittstelle f\u00fcr Phasenanschnitt. Produkteigenschaften: Verf\u00fcgbar in 13 W, 18 W, 25 W und 35 W. Unabh\u00e4ngige Installation mit optionalem Kabelklemmen-Kit. Dimmbar \u00fcber Phasenanschnitt und Phasenabschnitt. Dimmbar von 10\u2026100 %. Lebensdauer: bis zu 50.000 h (bei max. tc Temperatur). Schutzart: IP20. Konstanter Ausgangsstrom. Niedriger Ripplestrom &lt; 5%. Versorgungsspannung: 220\u2026240 V. Betriebsfrequenz: 50\/60 Hz. Betrieb mit weniger als 60 V: Sicherheitskleinspannung (SELV). Reversibler \u00dcbertemperatur-, \u00dcberlast-, Kurzschluss- und Arbeitsstromschutz. Produktvorteile: Erm\u00f6glicht die Installation mit h\u00e4ufig verwendeten Phasenanschnitts- und abschnittsdimmer. 5 Jahre Garantie. Schlankes Geh\u00e4use f\u00fcr schmale Installationen. Hohe Effizienz und Zuverl\u00e4ssigkeit. Anwendungsgebiete: Geeignet f\u00fcr LED-Leuchten und LED-Module. Geeignet f\u00fcr Leuchten der Schutzklasse I und II. F\u00fcr SELV-Installationen in Innenr\u00e4umen. B\u00fcros, Einkaufszentren, Krankenh\u00e4user, Restaurants, Hotels. Technische Ausstattung: Kabelklemmen-Kit zur optimierten Zugentlastung.<\/p>\n","protected":false},"excerpt":{"rendered":"<p>Konstantstrom LED-Treiber mit Dimmschnittstelle f\u00fcr Phasenanschnitt. Produkteigenschaften: Verf\u00fcgbar in 13 W, 18 W, 25 W und 35 W. Unabh\u00e4ngige Installation mit optionalem Kabelklemmen-Kit. Dimmbar \u00fcber Phasenanschnitt und Phasenabschnitt. Dimmbar von 10\u2026100 %. Lebensdauer: bis zu 50.000 h (bei max. tc<span class=\"excerpt-hellip\"> [\u2026]<\/span><\/p>\n","protected":false},"featured_media":367000,"template":"","meta":[],"product_brand":[],"product_cat":[87021],"product_tag":[],"class_list":{"0":"post-349950","1":"product","2":"type-product","3":"status-publish","4":"has-post-thumbnail","6":"product_cat-led-betriebsgeraet-ledvance","8":"first","9":"instock","10":"taxable","11":"shipping-taxable","12":"product-type-simple"},"_links":{"self":[{"href":"https:\/\/www.arclite-shop.de\/it\/wp-json\/wp\/v2\/product\/349950","targetHints":{"allow":["GET"]}}],"collection":[{"href":"https:\/\/www.arclite-shop.de\/it\/wp-json\/wp\/v2\/product"}],"about":[{"href":"https:\/\/www.arclite-shop.de\/it\/wp-json\/wp\/v2\/types\/product"}],"wp:featuredmedia":[{"embeddable":true,"href":"https:\/\/www.arclite-shop.de\/it\/wp-json\/wp\/v2\/media\/367000"}],"wp:attachment":[{"href":"https:\/\/www.arclite-shop.de\/it\/wp-json\/wp\/v2\/media?parent=349950"}],"wp:term":[{"taxonomy":"product_brand","embeddable":true,"href":"https:\/\/www.arclite-shop.de\/it\/wp-json\/wp\/v2\/product_brand?post=349950"},{"taxonomy":"product_cat","embeddable":true,"href":"https:\/\/www.arclite-shop.de\/it\/wp-json\/wp\/v2\/product_cat?post=349950"},{"taxonomy":"product_tag","embeddable":true,"href":"https:\/\/www.arclite-shop.de\/it\/wp-json\/wp\/v2\/product_tag?post=349950"}],"curies":[{"name":"wp","href":"https:\/\/api.w.org\/{rel}","templated":true}]}}