{"id":349909,"date":"2024-10-31T14:09:45","date_gmt":"2024-10-31T13:09:45","guid":{"rendered":"https:\/\/www.arclite-shop.de\/produkt\/02-4058075206861\/"},"modified":"2026-04-18T04:57:58","modified_gmt":"2026-04-18T02:57:58","slug":"02-4058075206861","status":"publish","type":"product","link":"https:\/\/www.arclite-shop.de\/it\/produkt\/02-4058075206861\/","title":{"rendered":"Riflettori esterni a LED con punte a terra"},"content":{"rendered":"<p>LED-Au\u00dfen-Fluterleuchten mit Erdspie\u00df. Produkteigenschaften: 2 m Kabel mit Schutzkontakt-Stecker (Typ F). Schutzart: IP65. Produktvorteile: Einfache Verbindung dank Plug-and-Play-Technologie. Angenehmes warmwei\u00dfes Licht. Energieeffizient durch LED-Technik. Anwendungsgebiete: Au\u00dfenbereiche. G\u00e4rten. Technische Ausstattung: Vollst\u00e4ndiges Montage- und Anschlusszubeh\u00f6r enthalten.<\/p>\n","protected":false},"excerpt":{"rendered":"<p>LED-Au\u00dfen-Fluterleuchten mit Erdspie\u00df. Produkteigenschaften: 2 m Kabel mit Schutzkontakt-Stecker (Typ F). Schutzart: IP65. Produktvorteile: Einfache Verbindung dank Plug-and-Play-Technologie. Angenehmes warmwei\u00dfes Licht. Energieeffizient durch LED-Technik. Anwendungsgebiete: Au\u00dfenbereiche. G\u00e4rten. Technische Ausstattung: Vollst\u00e4ndiges Montage- und Anschlusszubeh\u00f6r enthalten.<\/p>\n","protected":false},"featured_media":367058,"template":"","meta":[],"product_brand":[],"product_cat":[87053],"product_tag":[],"class_list":{"0":"post-349909","1":"product","2":"type-product","3":"status-publish","4":"has-post-thumbnail","6":"product_cat-downlight-strahler-flutlicht","8":"first","9":"outofstock","10":"taxable","11":"shipping-taxable","12":"product-type-simple"},"_links":{"self":[{"href":"https:\/\/www.arclite-shop.de\/it\/wp-json\/wp\/v2\/product\/349909","targetHints":{"allow":["GET"]}}],"collection":[{"href":"https:\/\/www.arclite-shop.de\/it\/wp-json\/wp\/v2\/product"}],"about":[{"href":"https:\/\/www.arclite-shop.de\/it\/wp-json\/wp\/v2\/types\/product"}],"wp:featuredmedia":[{"embeddable":true,"href":"https:\/\/www.arclite-shop.de\/it\/wp-json\/wp\/v2\/media\/367058"}],"wp:attachment":[{"href":"https:\/\/www.arclite-shop.de\/it\/wp-json\/wp\/v2\/media?parent=349909"}],"wp:term":[{"taxonomy":"product_brand","embeddable":true,"href":"https:\/\/www.arclite-shop.de\/it\/wp-json\/wp\/v2\/product_brand?post=349909"},{"taxonomy":"product_cat","embeddable":true,"href":"https:\/\/www.arclite-shop.de\/it\/wp-json\/wp\/v2\/product_cat?post=349909"},{"taxonomy":"product_tag","embeddable":true,"href":"https:\/\/www.arclite-shop.de\/it\/wp-json\/wp\/v2\/product_tag?post=349909"}],"curies":[{"name":"wp","href":"https:\/\/api.w.org\/{rel}","templated":true}]}}