{"id":349878,"date":"2024-10-31T14:09:24","date_gmt":"2024-10-31T13:09:24","guid":{"rendered":"https:\/\/www.arclite-shop.de\/produkt\/02-4058075187337\/"},"modified":"2026-04-18T05:19:19","modified_gmt":"2026-04-18T03:19:19","slug":"02-4058075187337","status":"publish","type":"product","link":"https:\/\/www.arclite-shop.de\/it\/produkt\/02-4058075187337\/","title":{"rendered":"I tubi LED per zavorra elettromagnetica funzionano con i sensori collegati"},"content":{"rendered":"<p>LED R\u00f6hre f\u00fcr elektromagnetische Vorschaltger\u00e4te funktionieren mit den Connected Sensoren. Produkteigenschaften: Netzwerkprotokoll: ZigBee 3.0 (2.4 GHz Mesh Network). Connected Tube kann nur mit dem SubstiTube Connected Sensor betrieben werden. Dimmbar nur mit LEDVANCE Connected Sensor. Produktvorteile: Kein Durchh\u00e4ngen dank Glastechnik. Splitterschutz dank spezieller PET-Beschichtung. Kurze Amortisationszeit dank geringem Energieverbrauch und niedrigen Wartungskosten. Anwendungsgebiete: Allgemeinbeleuchtung in Umgebungstemperaturen von -20\u2026+50\u00b0C. Parkgaragen, Lagerfl\u00e4chen, Fertigungsbereiche, Korridore. Industrie. B\u00fcros.<\/p>\n","protected":false},"excerpt":{"rendered":"<p>LED R\u00f6hre f\u00fcr elektromagnetische Vorschaltger\u00e4te funktionieren mit den Connected Sensoren. Produkteigenschaften: Netzwerkprotokoll: ZigBee 3.0 (2.4 GHz Mesh Network). Connected Tube kann nur mit dem SubstiTube Connected Sensor betrieben werden. Dimmbar nur mit LEDVANCE Connected Sensor. Produktvorteile: Kein Durchh\u00e4ngen dank Glastechnik.<span class=\"excerpt-hellip\"> [\u2026]<\/span><\/p>\n","protected":false},"featured_media":367094,"template":"","meta":[],"product_brand":[],"product_cat":[87060],"product_tag":[],"class_list":{"0":"post-349878","1":"product","2":"type-product","3":"status-publish","4":"has-post-thumbnail","6":"product_cat-led-lampe-multi-led","8":"first","9":"instock","10":"taxable","11":"shipping-taxable","12":"product-type-simple"},"_links":{"self":[{"href":"https:\/\/www.arclite-shop.de\/it\/wp-json\/wp\/v2\/product\/349878","targetHints":{"allow":["GET"]}}],"collection":[{"href":"https:\/\/www.arclite-shop.de\/it\/wp-json\/wp\/v2\/product"}],"about":[{"href":"https:\/\/www.arclite-shop.de\/it\/wp-json\/wp\/v2\/types\/product"}],"wp:featuredmedia":[{"embeddable":true,"href":"https:\/\/www.arclite-shop.de\/it\/wp-json\/wp\/v2\/media\/367094"}],"wp:attachment":[{"href":"https:\/\/www.arclite-shop.de\/it\/wp-json\/wp\/v2\/media?parent=349878"}],"wp:term":[{"taxonomy":"product_brand","embeddable":true,"href":"https:\/\/www.arclite-shop.de\/it\/wp-json\/wp\/v2\/product_brand?post=349878"},{"taxonomy":"product_cat","embeddable":true,"href":"https:\/\/www.arclite-shop.de\/it\/wp-json\/wp\/v2\/product_cat?post=349878"},{"taxonomy":"product_tag","embeddable":true,"href":"https:\/\/www.arclite-shop.de\/it\/wp-json\/wp\/v2\/product_tag?post=349878"}],"curies":[{"name":"wp","href":"https:\/\/api.w.org\/{rel}","templated":true}]}}