{"id":349867,"date":"2024-10-31T14:09:18","date_gmt":"2024-10-31T13:09:18","guid":{"rendered":"https:\/\/www.arclite-shop.de\/produkt\/02-4058075144606\/"},"modified":"2026-04-18T05:26:30","modified_gmt":"2026-04-18T03:26:30","slug":"02-4058075144606","status":"publish","type":"product","link":"https:\/\/www.arclite-shop.de\/it\/produkt\/02-4058075144606\/","title":{"rendered":"Luminari pendenti con alimentazione ai bordi per illuminazione diretta e indiretta, forte controllo dell'abbagliamento, 1200 mm"},"content":{"rendered":"<p>Pendelleuchten mit Kanteneinspeisung f\u00fcr direkte und indirekte Beleuchtung, starke Entblendung, 1200 mm. Produkteigenschaften: Rechteckige (1200 mm x 300 mm) Stand-alone Leuchten mit direkter (70 %) und indirekter (30 %) Lichtemmission. Treiber in der Remote-Treiberbox integriert. UGR \u2264 19 gem\u00e4\u00df EN12464-1. Hohe Lichtausbeute: bis zu 110 lm\/W. Lebensdauer (L70\/B50): 80.000 h (bei 25 \u00b0C). Folgt der einheitlichen Designsprache von LEDVANCE (SCALE Design). Sehr schmales Aluminiumgeh\u00e4use. Leuchtenversionen mit IoT-f\u00e4higem DALI-2 Treiber oder Zigbee 3.0 Technologie verf\u00fcgbar. Produktvorteile: Pendelleuchten mit Randbeleuchtung f\u00fcr direkte (70%) und indirekte Beleuchtung (30%). Attraktives und funktionales Design f\u00fcr B\u00fcroanwendungen. Gute Entblendung (UGR \u2264 19). Sehr homogenes Licht. Geringer Wartungsaufwand und niedrige Betriebskosten. Externer Treiber f\u00fcr erweiterte Flexibilit\u00e4t. Spezielles Lichtlenkungsdesign f\u00fcr Beleuchtung mit geringer Blendung. Einfache und schnelle Installation. Flimmerarmes Licht dank speziellem elektronischen Vorschaltger\u00e4t. 5 Jahre Garantie. Anwendungsgebiete: Effizienter Ersatz f\u00fcr traditionelle T8- und T5-Lichtleisten. B\u00fcros. Besprechungsr\u00e4ume. Konferenzr\u00e4ume. Empfangsbereiche, Eingangsbereiche. Technische Ausstattung: Abh\u00e4ngeset enthalten.<\/p>\n","protected":false},"excerpt":{"rendered":"<p>Pendelleuchten mit Kanteneinspeisung f\u00fcr direkte und indirekte Beleuchtung, starke Entblendung, 1200 mm. Produkteigenschaften: Rechteckige (1200 mm x 300 mm) Stand-alone Leuchten mit direkter (70 %) und indirekter (30 %) Lichtemmission. Treiber in der Remote-Treiberbox integriert. UGR \u2264 19 gem\u00e4\u00df EN12464-1.<span class=\"excerpt-hellip\"> [\u2026]<\/span><\/p>\n","protected":false},"featured_media":367104,"template":"","meta":[],"product_brand":[],"product_cat":[87092],"product_tag":[],"class_list":{"0":"post-349867","1":"product","2":"type-product","3":"status-publish","4":"has-post-thumbnail","6":"product_cat-pendelleuchte","8":"first","9":"instock","10":"taxable","11":"shipping-taxable","12":"product-type-simple"},"_links":{"self":[{"href":"https:\/\/www.arclite-shop.de\/it\/wp-json\/wp\/v2\/product\/349867","targetHints":{"allow":["GET"]}}],"collection":[{"href":"https:\/\/www.arclite-shop.de\/it\/wp-json\/wp\/v2\/product"}],"about":[{"href":"https:\/\/www.arclite-shop.de\/it\/wp-json\/wp\/v2\/types\/product"}],"wp:featuredmedia":[{"embeddable":true,"href":"https:\/\/www.arclite-shop.de\/it\/wp-json\/wp\/v2\/media\/367104"}],"wp:attachment":[{"href":"https:\/\/www.arclite-shop.de\/it\/wp-json\/wp\/v2\/media?parent=349867"}],"wp:term":[{"taxonomy":"product_brand","embeddable":true,"href":"https:\/\/www.arclite-shop.de\/it\/wp-json\/wp\/v2\/product_brand?post=349867"},{"taxonomy":"product_cat","embeddable":true,"href":"https:\/\/www.arclite-shop.de\/it\/wp-json\/wp\/v2\/product_cat?post=349867"},{"taxonomy":"product_tag","embeddable":true,"href":"https:\/\/www.arclite-shop.de\/it\/wp-json\/wp\/v2\/product_tag?post=349867"}],"curies":[{"name":"wp","href":"https:\/\/api.w.org\/{rel}","templated":true}]}}