{"id":349864,"date":"2024-10-31T14:09:15","date_gmt":"2024-10-31T13:09:15","guid":{"rendered":"https:\/\/www.arclite-shop.de\/produkt\/02-4058075133341\/"},"modified":"2026-04-18T05:28:30","modified_gmt":"2026-04-18T03:28:30","slug":"02-4058075133341","status":"publish","type":"product","link":"https:\/\/www.arclite-shop.de\/it\/produkt\/02-4058075133341\/","title":{"rendered":"Connettore meccanico per l'installazione continua di lucernari"},"content":{"rendered":"<p>Mechanischer Verbinder f\u00fcr Lichtbandinstallation. Produkteigenschaften: Mechanischer H-Verbinder aus Stahl mit Schrauben f\u00fcr die Lichtbandverbindung. Produktvorteile: Einfache und schnelle Verbindung von Leuchten f\u00fcr Lichtbandinstallationen. Robuster Verbinder f\u00fcr langen Betrieb.<\/p>\n","protected":false},"excerpt":{"rendered":"<p>Mechanischer Verbinder f\u00fcr Lichtbandinstallation. Produkteigenschaften: Mechanischer H-Verbinder aus Stahl mit Schrauben f\u00fcr die Lichtbandverbindung. Produktvorteile: Einfache und schnelle Verbindung von Leuchten f\u00fcr Lichtbandinstallationen. Robuster Verbinder f\u00fcr langen Betrieb.<\/p>\n","protected":false},"featured_media":367106,"template":"","meta":[],"product_brand":[],"product_cat":[87054],"product_tag":[],"class_list":{"0":"post-349864","1":"product","2":"type-product","3":"status-publish","4":"has-post-thumbnail","6":"product_cat-mechanisches-zubehoer-ersatzteile-fuer-leuchten-ledvance","8":"first","9":"instock","10":"taxable","11":"shipping-taxable","12":"product-type-simple"},"_links":{"self":[{"href":"https:\/\/www.arclite-shop.de\/it\/wp-json\/wp\/v2\/product\/349864","targetHints":{"allow":["GET"]}}],"collection":[{"href":"https:\/\/www.arclite-shop.de\/it\/wp-json\/wp\/v2\/product"}],"about":[{"href":"https:\/\/www.arclite-shop.de\/it\/wp-json\/wp\/v2\/types\/product"}],"wp:featuredmedia":[{"embeddable":true,"href":"https:\/\/www.arclite-shop.de\/it\/wp-json\/wp\/v2\/media\/367106"}],"wp:attachment":[{"href":"https:\/\/www.arclite-shop.de\/it\/wp-json\/wp\/v2\/media?parent=349864"}],"wp:term":[{"taxonomy":"product_brand","embeddable":true,"href":"https:\/\/www.arclite-shop.de\/it\/wp-json\/wp\/v2\/product_brand?post=349864"},{"taxonomy":"product_cat","embeddable":true,"href":"https:\/\/www.arclite-shop.de\/it\/wp-json\/wp\/v2\/product_cat?post=349864"},{"taxonomy":"product_tag","embeddable":true,"href":"https:\/\/www.arclite-shop.de\/it\/wp-json\/wp\/v2\/product_tag?post=349864"}],"curies":[{"name":"wp","href":"https:\/\/api.w.org\/{rel}","templated":true}]}}