{"id":349804,"date":"2024-10-31T14:08:36","date_gmt":"2024-10-31T13:08:36","guid":{"rendered":"https:\/\/www.arclite-shop.de\/produkt\/02-4058075108844\/"},"modified":"2026-04-18T07:29:44","modified_gmt":"2026-04-18T05:29:44","slug":"02-4058075108844","status":"publish","type":"product","link":"https:\/\/www.arclite-shop.de\/it\/produkt\/02-4058075108844\/","title":{"rendered":"KIT SOSPENSIONI Kit sospensioni 1200"},"content":{"rendered":"<p>Pendelsatz f\u00fcr Panel-Leuchten. Produkteigenschaften: Anpassbare Stahlseile, maximale L\u00e4nge jeweils: 1.5 m. Produktvorteile: Justierbarer Pendell\u00e4nge bis 1,5m mittels Schraubverbindung.<\/p>\n","protected":false},"excerpt":{"rendered":"<p>Pendelsatz f\u00fcr Panel-Leuchten. Produkteigenschaften: Anpassbare Stahlseile, maximale L\u00e4nge jeweils: 1.5 m. Produktvorteile: Justierbarer Pendell\u00e4nge bis 1,5m mittels Schraubverbindung.<\/p>\n","protected":false},"featured_media":284276,"template":"","meta":[],"product_brand":[],"product_cat":[87054],"product_tag":[],"class_list":{"0":"post-349804","1":"product","2":"type-product","3":"status-publish","4":"has-post-thumbnail","6":"product_cat-mechanisches-zubehoer-ersatzteile-fuer-leuchten-ledvance","8":"first","9":"instock","10":"taxable","11":"shipping-taxable","12":"product-type-simple"},"_links":{"self":[{"href":"https:\/\/www.arclite-shop.de\/it\/wp-json\/wp\/v2\/product\/349804","targetHints":{"allow":["GET"]}}],"collection":[{"href":"https:\/\/www.arclite-shop.de\/it\/wp-json\/wp\/v2\/product"}],"about":[{"href":"https:\/\/www.arclite-shop.de\/it\/wp-json\/wp\/v2\/types\/product"}],"wp:featuredmedia":[{"embeddable":true,"href":"https:\/\/www.arclite-shop.de\/it\/wp-json\/wp\/v2\/media\/284276"}],"wp:attachment":[{"href":"https:\/\/www.arclite-shop.de\/it\/wp-json\/wp\/v2\/media?parent=349804"}],"wp:term":[{"taxonomy":"product_brand","embeddable":true,"href":"https:\/\/www.arclite-shop.de\/it\/wp-json\/wp\/v2\/product_brand?post=349804"},{"taxonomy":"product_cat","embeddable":true,"href":"https:\/\/www.arclite-shop.de\/it\/wp-json\/wp\/v2\/product_cat?post=349804"},{"taxonomy":"product_tag","embeddable":true,"href":"https:\/\/www.arclite-shop.de\/it\/wp-json\/wp\/v2\/product_tag?post=349804"}],"curies":[{"name":"wp","href":"https:\/\/api.w.org\/{rel}","templated":true}]}}