{"id":349787,"date":"2024-10-31T14:08:24","date_gmt":"2024-10-31T13:08:24","guid":{"rendered":"https:\/\/www.arclite-shop.de\/produkt\/02-4058075106079\/"},"modified":"2026-04-18T07:55:16","modified_gmt":"2026-04-18T05:55:16","slug":"02-4058075106079","status":"publish","type":"product","link":"https:\/\/www.arclite-shop.de\/it\/produkt\/02-4058075106079\/","title":{"rendered":"Luminario compatto con interruttore per applicazioni di illuminazione singola o continua"},"content":{"rendered":"<p>Kompakte Leuchte mit Schalter f\u00fcr Einzel- oder Lichtbandanwendungen. Produkteigenschaften: Eingebauter Schalter. Bis zu 10 Leuchten aneinander verbindbar. Transparente Endkappen. Versionen mit Lichtstrom 400\u20261900 lm verf\u00fcgbar. 5 unterschiedliche L\u00e4ngen erh\u00e4ltlich. Hohe Lichtausbeute: bis zu 112 lm\/W. Gl\u00fchdrahtpr\u00fcfung nach IEC 60695-2-12: 850 \u00b0C. Produktvorteile: Kompakte Abmessungen. Ben\u00f6tigt wenig Platz dank der kompakten Abmessungen. Nahtlose Verbindungsm\u00f6glichkeit mit bis zu 10 Leuchten pro Lichtbandinstallation. Praktischer Schalter direkt an der Leuchte verbaut. Flimmerarmes Licht dank speziellem elektronischen Vorschaltger\u00e4t. Flexible Installation in 2 verschiedenen Winkeln durch 2 Befestigungsm\u00f6glichkeiten. Flexible Anwendung durch ein breites Sortiment an verf\u00fcgbaren L\u00e4ngen von 300 bis 1500 mm. Winkelverbindung mit beiliegendem Kabel m\u00f6glich. Anwendungsgebiete: Direkter Ersatz f\u00fcr Leuchten mit Leuchtstofflampen. Innenraumanwendungen. Korridore, Eingangsbereiche, Treppenh\u00e4user, Wohnzimmer, Keller. Akzentbeleuchtung. \u00d6ffentlicher Raum. Voutenbeleuchtung. Regale, M\u00f6belintegration oder Unterbau. Nahtlose Lichtb\u00e4nder. Technische Ausstattung: Ausgestattet mit Stromstecker, Kabelverbinder und Linienverbinder zum Anschluss weiterer Leuchten. Montagematerial f\u00fcr Wand- und Deckenbefestigung enthalten.<\/p>\n","protected":false},"excerpt":{"rendered":"<p>Kompakte Leuchte mit Schalter f\u00fcr Einzel- oder Lichtbandanwendungen. Produkteigenschaften: Eingebauter Schalter. Bis zu 10 Leuchten aneinander verbindbar. Transparente Endkappen. Versionen mit Lichtstrom 400\u20261900 lm verf\u00fcgbar. 5 unterschiedliche L\u00e4ngen erh\u00e4ltlich. Hohe Lichtausbeute: bis zu 112 lm\/W. Gl\u00fchdrahtpr\u00fcfung nach IEC 60695-2-12: 850<span class=\"excerpt-hellip\"> [\u2026]<\/span><\/p>\n","protected":false},"featured_media":367170,"template":"","meta":[],"product_brand":[],"product_cat":[87072],"product_tag":[],"class_list":{"0":"post-349787","1":"product","2":"type-product","3":"status-publish","4":"has-post-thumbnail","6":"product_cat-lichtleiste","8":"first","9":"instock","10":"taxable","11":"shipping-taxable","12":"product-type-simple"},"_links":{"self":[{"href":"https:\/\/www.arclite-shop.de\/it\/wp-json\/wp\/v2\/product\/349787","targetHints":{"allow":["GET"]}}],"collection":[{"href":"https:\/\/www.arclite-shop.de\/it\/wp-json\/wp\/v2\/product"}],"about":[{"href":"https:\/\/www.arclite-shop.de\/it\/wp-json\/wp\/v2\/types\/product"}],"wp:featuredmedia":[{"embeddable":true,"href":"https:\/\/www.arclite-shop.de\/it\/wp-json\/wp\/v2\/media\/367170"}],"wp:attachment":[{"href":"https:\/\/www.arclite-shop.de\/it\/wp-json\/wp\/v2\/media?parent=349787"}],"wp:term":[{"taxonomy":"product_brand","embeddable":true,"href":"https:\/\/www.arclite-shop.de\/it\/wp-json\/wp\/v2\/product_brand?post=349787"},{"taxonomy":"product_cat","embeddable":true,"href":"https:\/\/www.arclite-shop.de\/it\/wp-json\/wp\/v2\/product_cat?post=349787"},{"taxonomy":"product_tag","embeddable":true,"href":"https:\/\/www.arclite-shop.de\/it\/wp-json\/wp\/v2\/product_tag?post=349787"}],"curies":[{"name":"wp","href":"https:\/\/api.w.org\/{rel}","templated":true}]}}