{"id":349782,"date":"2024-10-31T14:08:21","date_gmt":"2024-10-31T13:08:21","guid":{"rendered":"https:\/\/www.arclite-shop.de\/produkt\/02-4058075104020\/"},"modified":"2026-04-18T08:08:48","modified_gmt":"2026-04-18T06:08:48","slug":"02-4058075104020","status":"publish","type":"product","link":"https:\/\/www.arclite-shop.de\/it\/produkt\/02-4058075104020\/","title":{"rendered":"Riflettore incassato girevole"},"content":{"rendered":"<p>Schwenkbarer Einbaustrahler. Produkteigenschaften: Gro\u00dfer facettierter Reflektor f\u00fcr hohe Lichtausbeute. Ausstrahlungswinkel: 24\u00b0. Drehwinkel: 0\u00b0&#8230;350\u00b0, Neigungswinkel: 0\u00b0&#8230;35\u00b0. Durchmesser des erforderlichen Deckenausschnitt: 165 &#8230; 170 mm. Produktvorteile: Flimmerarmes Licht dank speziellem elektronischen Vorschaltger\u00e4t. Hohe Lichtausbeute. Geh\u00e4use aus Druckgussaluminium f\u00fcr verbesserte W\u00e4rmeableitung. Einfacher Austausch des externen Treibers dank Stecker mit Bajonettverschluss. Design passt zur LEDVANCE Spot-, Down- und Tracklight-Leuchtenfamilie. Geringe Einbautiefe. Vielf\u00e4ltige M\u00f6glichkeiten, die Zielbereiche zu akzentuieren. 5 Jahre Garantie. Anwendungsgebiete: Akzent- und Allgemeinbeleuchtung f\u00fcr alle Arten von Verkaufsr\u00e4umen. Einzelhandel. Superm\u00e4rkte. Shops, Boutiquen. Hotelzimmer. Treppenh\u00e4user. Flure. Lobbys. Technische Ausstattung: Treiber inbegriffen.<\/p>\n","protected":false},"excerpt":{"rendered":"<p>Schwenkbarer Einbaustrahler. Produkteigenschaften: Gro\u00dfer facettierter Reflektor f\u00fcr hohe Lichtausbeute. Ausstrahlungswinkel: 24\u00b0. Drehwinkel: 0\u00b0&#8230;350\u00b0, Neigungswinkel: 0\u00b0&#8230;35\u00b0. Durchmesser des erforderlichen Deckenausschnitt: 165 &#8230; 170 mm. Produktvorteile: Flimmerarmes Licht dank speziellem elektronischen Vorschaltger\u00e4t. Hohe Lichtausbeute. Geh\u00e4use aus Druckgussaluminium f\u00fcr verbesserte W\u00e4rmeableitung. Einfacher Austausch<span class=\"excerpt-hellip\"> [\u2026]<\/span><\/p>\n","protected":false},"featured_media":367178,"template":"","meta":[],"product_brand":[],"product_cat":[87053],"product_tag":[],"class_list":{"0":"post-349782","1":"product","2":"type-product","3":"status-publish","4":"has-post-thumbnail","6":"product_cat-downlight-strahler-flutlicht","8":"first","9":"instock","10":"taxable","11":"shipping-taxable","12":"product-type-simple"},"_links":{"self":[{"href":"https:\/\/www.arclite-shop.de\/it\/wp-json\/wp\/v2\/product\/349782","targetHints":{"allow":["GET"]}}],"collection":[{"href":"https:\/\/www.arclite-shop.de\/it\/wp-json\/wp\/v2\/product"}],"about":[{"href":"https:\/\/www.arclite-shop.de\/it\/wp-json\/wp\/v2\/types\/product"}],"wp:featuredmedia":[{"embeddable":true,"href":"https:\/\/www.arclite-shop.de\/it\/wp-json\/wp\/v2\/media\/367178"}],"wp:attachment":[{"href":"https:\/\/www.arclite-shop.de\/it\/wp-json\/wp\/v2\/media?parent=349782"}],"wp:term":[{"taxonomy":"product_brand","embeddable":true,"href":"https:\/\/www.arclite-shop.de\/it\/wp-json\/wp\/v2\/product_brand?post=349782"},{"taxonomy":"product_cat","embeddable":true,"href":"https:\/\/www.arclite-shop.de\/it\/wp-json\/wp\/v2\/product_cat?post=349782"},{"taxonomy":"product_tag","embeddable":true,"href":"https:\/\/www.arclite-shop.de\/it\/wp-json\/wp\/v2\/product_tag?post=349782"}],"curies":[{"name":"wp","href":"https:\/\/api.w.org\/{rel}","templated":true}]}}