{"id":349765,"date":"2024-10-31T14:08:10","date_gmt":"2024-10-31T13:08:10","guid":{"rendered":"https:\/\/www.arclite-shop.de\/produkt\/02-4058075099715\/"},"modified":"2026-04-18T08:26:32","modified_gmt":"2026-04-18T06:26:32","slug":"02-4058075099715","status":"publish","type":"product","link":"https:\/\/www.arclite-shop.de\/it\/produkt\/02-4058075099715\/","title":{"rendered":"Luci compatte con cablaggio sul retro"},"content":{"rendered":"<p>Kompakte Leuchten mit Verdrahtung auf der R\u00fcckseite. Produkteigenschaften: Ersatz f\u00fcr konventionelle T8-Leuchten. Verdrahtung auf der R\u00fcckseite der Leuchte. Transparente Endkappen. Verbindbar am Anfang des Lichtbandes mit einer Compact-High-Output-Leuchte. Versionen mit Lichtstrom 1000\u20262500 lm verf\u00fcgbar. 3 unterschiedliche L\u00e4ngen erh\u00e4ltlich. Hohe Lichtausbeute: bis zu 100 lm\/W. Gl\u00fchdrahtpr\u00fcfung nach IEC 60695-2-12: 850 \u00b0C. Produktvorteile: Kompakte Abmessungen. Ben\u00f6tigt wenig Platz dank der kompakten Abmessungen. Nahtlose Verbindung ohne sichtbare Kabel bei Kombination mit Linear Compact High Output. Hoher Lichtstrom bis zu 2500 lm. Flexible Anwendung durch ein breites Sortiment an verf\u00fcgbaren L\u00e4ngen von 600 bis 1500 mm. Flimmerarmes Licht dank speziellem elektronischen Vorschaltger\u00e4t. 5 Jahre Garantie. Anwendungsgebiete: Direkter Ersatz f\u00fcr Leuchten mit Leuchtstofflampen. Innenraumanwendungen. Korridore, Eingangsbereiche, Treppenh\u00e4user, Wohnzimmer, Keller. Akzentbeleuchtung. \u00d6ffentlicher Raum. Voutenbeleuchtung. Regale, M\u00f6belintegration oder Unterbau. Nahtlose Lichtb\u00e4nder. Technische Ausstattung: Montageclips werden mitgeliefert.<\/p>\n","protected":false},"excerpt":{"rendered":"<p>Kompakte Leuchten mit Verdrahtung auf der R\u00fcckseite. Produkteigenschaften: Ersatz f\u00fcr konventionelle T8-Leuchten. Verdrahtung auf der R\u00fcckseite der Leuchte. Transparente Endkappen. Verbindbar am Anfang des Lichtbandes mit einer Compact-High-Output-Leuchte. Versionen mit Lichtstrom 1000\u20262500 lm verf\u00fcgbar. 3 unterschiedliche L\u00e4ngen erh\u00e4ltlich. Hohe Lichtausbeute:<span class=\"excerpt-hellip\"> [\u2026]<\/span><\/p>\n","protected":false},"featured_media":367188,"template":"","meta":[],"product_brand":[],"product_cat":[87072],"product_tag":[],"class_list":{"0":"post-349765","1":"product","2":"type-product","3":"status-publish","4":"has-post-thumbnail","6":"product_cat-lichtleiste","8":"first","9":"instock","10":"taxable","11":"shipping-taxable","12":"product-type-simple"},"_links":{"self":[{"href":"https:\/\/www.arclite-shop.de\/it\/wp-json\/wp\/v2\/product\/349765","targetHints":{"allow":["GET"]}}],"collection":[{"href":"https:\/\/www.arclite-shop.de\/it\/wp-json\/wp\/v2\/product"}],"about":[{"href":"https:\/\/www.arclite-shop.de\/it\/wp-json\/wp\/v2\/types\/product"}],"wp:featuredmedia":[{"embeddable":true,"href":"https:\/\/www.arclite-shop.de\/it\/wp-json\/wp\/v2\/media\/367188"}],"wp:attachment":[{"href":"https:\/\/www.arclite-shop.de\/it\/wp-json\/wp\/v2\/media?parent=349765"}],"wp:term":[{"taxonomy":"product_brand","embeddable":true,"href":"https:\/\/www.arclite-shop.de\/it\/wp-json\/wp\/v2\/product_brand?post=349765"},{"taxonomy":"product_cat","embeddable":true,"href":"https:\/\/www.arclite-shop.de\/it\/wp-json\/wp\/v2\/product_cat?post=349765"},{"taxonomy":"product_tag","embeddable":true,"href":"https:\/\/www.arclite-shop.de\/it\/wp-json\/wp\/v2\/product_tag?post=349765"}],"curies":[{"name":"wp","href":"https:\/\/api.w.org\/{rel}","templated":true}]}}