{"id":349723,"date":"2024-10-31T14:07:41","date_gmt":"2024-10-31T13:07:41","guid":{"rendered":"https:\/\/www.arclite-shop.de\/produkt\/02-4058075079212\/"},"modified":"2026-04-18T09:08:36","modified_gmt":"2026-04-18T07:08:36","slug":"02-4058075079212","status":"publish","type":"product","link":"https:\/\/www.arclite-shop.de\/it\/produkt\/02-4058075079212\/","title":{"rendered":"Lampadari piatti con driver integrato, quadrati"},"content":{"rendered":"<p>Flache Downlightleuchten mit integriertem Treiber, quadratisch. Produkteigenschaften: Schmaler sichtbarer Rahmen. Anschlussbox mit Steckklemme f\u00fcr werkzeuglosen Anschluss. Lichtleiter aus vergilbungsfreiem PMMA f\u00fcr lange Lebensdauer. Produktvorteile: Sehr schlankes Geh\u00e4use. Niedrige Installationstiefe. Hohe Lichtausbeute. Bis zu 60 % Energieersparnis (im Vergleich zu Leuchten, die Kompaktleuchtstofflampen nutzen). Sehr homogenes Licht. Funktionales Design. Einfache Installation mit schnellem Anschluss. Einfache Installation dank integriertem Treiber. Anwendungsgebiete: Direkter Ersatz f\u00fcr Leuchten mit Kompaktleuchtstofflampen. Allgemeinbeleuchtung. \u00d6ffentlicher Raum. Treppenh\u00e4user. Flure. Eingangsbereiche. Gesch\u00e4fte. Technische Ausstattung: Rahmen f\u00fcr Anbaumontage als Zubeh\u00f6r erh\u00e4ltlich.<\/p>\n","protected":false},"excerpt":{"rendered":"<p>Flache Downlightleuchten mit integriertem Treiber, quadratisch. Produkteigenschaften: Schmaler sichtbarer Rahmen. Anschlussbox mit Steckklemme f\u00fcr werkzeuglosen Anschluss. Lichtleiter aus vergilbungsfreiem PMMA f\u00fcr lange Lebensdauer. Produktvorteile: Sehr schlankes Geh\u00e4use. Niedrige Installationstiefe. Hohe Lichtausbeute. Bis zu 60 % Energieersparnis (im Vergleich zu Leuchten,<span class=\"excerpt-hellip\"> [\u2026]<\/span><\/p>\n","protected":false},"featured_media":367232,"template":"","meta":[],"product_brand":[],"product_cat":[87053],"product_tag":[],"class_list":{"0":"post-349723","1":"product","2":"type-product","3":"status-publish","4":"has-post-thumbnail","6":"product_cat-downlight-strahler-flutlicht","8":"first","9":"instock","10":"taxable","11":"shipping-taxable","12":"product-type-simple"},"_links":{"self":[{"href":"https:\/\/www.arclite-shop.de\/it\/wp-json\/wp\/v2\/product\/349723","targetHints":{"allow":["GET"]}}],"collection":[{"href":"https:\/\/www.arclite-shop.de\/it\/wp-json\/wp\/v2\/product"}],"about":[{"href":"https:\/\/www.arclite-shop.de\/it\/wp-json\/wp\/v2\/types\/product"}],"wp:featuredmedia":[{"embeddable":true,"href":"https:\/\/www.arclite-shop.de\/it\/wp-json\/wp\/v2\/media\/367232"}],"wp:attachment":[{"href":"https:\/\/www.arclite-shop.de\/it\/wp-json\/wp\/v2\/media?parent=349723"}],"wp:term":[{"taxonomy":"product_brand","embeddable":true,"href":"https:\/\/www.arclite-shop.de\/it\/wp-json\/wp\/v2\/product_brand?post=349723"},{"taxonomy":"product_cat","embeddable":true,"href":"https:\/\/www.arclite-shop.de\/it\/wp-json\/wp\/v2\/product_cat?post=349723"},{"taxonomy":"product_tag","embeddable":true,"href":"https:\/\/www.arclite-shop.de\/it\/wp-json\/wp\/v2\/product_tag?post=349723"}],"curies":[{"name":"wp","href":"https:\/\/api.w.org\/{rel}","templated":true}]}}