{"id":349692,"date":"2024-10-31T14:07:20","date_gmt":"2024-10-31T13:07:20","guid":{"rendered":"https:\/\/www.arclite-shop.de\/produkt\/02-4052899981959\/"},"modified":"2026-04-29T15:10:23","modified_gmt":"2026-04-29T13:10:23","slug":"02-4052899981959","status":"publish","type":"product","link":"https:\/\/www.arclite-shop.de\/it\/produkt\/02-4052899981959\/","title":{"rendered":"Corrente costante - esterno - dimmerabile"},"content":{"rendered":"<p>Konstantstrom &#8211; Au\u00dfenbereich &#8211; dimmbar. Produkteigenschaften: Versorgungsspannung: 220\u2026240 V. Ausgangsstrombereich: 70\u20261.050 mA. Einfache und schnelle drahtlose Leuchtenprogrammierung via NFC. Flexible Stromeinstellung mit einer zus\u00e4tzlichen Leitung (LEDset2). AstroDIM f\u00fcr autonomes Dimmen mit f\u00fcnf unabh\u00e4ngigen Stufen (Astro-, Zeit-Modus). Erm\u00f6glicht Energieeinsparung in D\u00e4mmerungsphasen. MainsDIM-Funktion f\u00fcr Dimmen mittels Reduktion der Netzspannungsamplitude. Isolierte DALI-Schnittstelle f\u00fcr bidirektionale Telemanagement-Systeme. Standby-Stromverbrauch:  54. Geeignet f\u00fcr den Einsatz in Au\u00dfenleuchten mit Schutzklasse I und II. .<\/p>\n","protected":false},"excerpt":{"rendered":"<p>Konstantstrom &#8211; Au\u00dfenbereich &#8211; dimmbar. Produkteigenschaften: Versorgungsspannung: 220\u2026240 V. Ausgangsstrombereich: 70\u20261.050 mA. Einfache und schnelle drahtlose Leuchtenprogrammierung via NFC. Flexible Stromeinstellung mit einer zus\u00e4tzlichen Leitung (LEDset2). AstroDIM f\u00fcr autonomes Dimmen mit f\u00fcnf unabh\u00e4ngigen Stufen (Astro-, Zeit-Modus). Erm\u00f6glicht Energieeinsparung in D\u00e4mmerungsphasen.<span class=\"excerpt-hellip\"> [\u2026]<\/span><\/p>\n","protected":false},"featured_media":367266,"template":"","meta":[],"product_brand":[],"product_cat":[87021],"product_tag":[],"class_list":{"0":"post-349692","1":"product","2":"type-product","3":"status-publish","4":"has-post-thumbnail","6":"product_cat-led-betriebsgeraet-ledvance","8":"first","9":"instock","10":"taxable","11":"shipping-taxable","12":"product-type-simple"},"_links":{"self":[{"href":"https:\/\/www.arclite-shop.de\/it\/wp-json\/wp\/v2\/product\/349692","targetHints":{"allow":["GET"]}}],"collection":[{"href":"https:\/\/www.arclite-shop.de\/it\/wp-json\/wp\/v2\/product"}],"about":[{"href":"https:\/\/www.arclite-shop.de\/it\/wp-json\/wp\/v2\/types\/product"}],"wp:featuredmedia":[{"embeddable":true,"href":"https:\/\/www.arclite-shop.de\/it\/wp-json\/wp\/v2\/media\/367266"}],"wp:attachment":[{"href":"https:\/\/www.arclite-shop.de\/it\/wp-json\/wp\/v2\/media?parent=349692"}],"wp:term":[{"taxonomy":"product_brand","embeddable":true,"href":"https:\/\/www.arclite-shop.de\/it\/wp-json\/wp\/v2\/product_brand?post=349692"},{"taxonomy":"product_cat","embeddable":true,"href":"https:\/\/www.arclite-shop.de\/it\/wp-json\/wp\/v2\/product_cat?post=349692"},{"taxonomy":"product_tag","embeddable":true,"href":"https:\/\/www.arclite-shop.de\/it\/wp-json\/wp\/v2\/product_tag?post=349692"}],"curies":[{"name":"wp","href":"https:\/\/api.w.org\/{rel}","templated":true}]}}