{"id":349689,"date":"2024-10-31T14:07:18","date_gmt":"2024-10-31T13:07:18","guid":{"rendered":"https:\/\/www.arclite-shop.de\/produkt\/02-4052899957411\/"},"modified":"2026-04-18T09:48:44","modified_gmt":"2026-04-18T07:48:44","slug":"02-4052899957411","status":"publish","type":"product","link":"https:\/\/www.arclite-shop.de\/it\/produkt\/02-4052899957411\/","title":{"rendered":"Lichtmanagementsysteme"},"content":{"rendered":"<p>Lichtmanagementsysteme. Produkteigenschaften: Ein DALI-Broadcast-Ausgangskanal. Tageslichtabh\u00e4ngige Regelung und pr\u00e4senzabh\u00e4ngige Lichtsteuerung. Bedienung \u00fcber Standardtaster. Ausg\u00e4nge mit elektronisch reversiblem Kurzschluss- und \u00dcberlastschutz. \u00c4nderung der Nachlaufzeit mittels Schraubendreher direkt am Sensor. \u00c4nderung der Beleuchtungsst\u00e4rke mittels Schraubendreher direkt am Sensor. Halogenfreies Polycarbonat-Kunststoffgeh\u00e4use. Steuerger\u00e4t mit integriertem Licht- und Pr\u00e4senzsensor, DALI-Ausgangskanal. Pr\u00e4senzerfassung \u00fcber passives IR-Element. Lichtsteuerung mit App-Anbindung \u00fcber Bluetooth. Lichtsteuerung \u00fcber Smartphone. Anpassung s\u00e4mtlicher Einstellm\u00f6glichkeiten \u00fcber Smartphone. Individuelle Aktivierung und Deaktivierung des Licht- und Pr\u00e4senzsensors. Funktionsanzeige mit dreifarbiger LED. Verschiedene Abdeckungen f\u00fcr unterschiedliche Erfassungsbereiche enthalten. Produktvorteile: Automatische Inbetriebnahme der Lichtregelung nach Anlegen der Spannung (Out-of-the-box-Funktion). Basis-Funktionalit\u00e4t auch ohne Konfiguration dank Voreinstellung. Einfaches und schnelles Anpassen der wichtigsten Parameter mittels Schraubendreher. V(\u03bb)-korrigiertes Lichtsensorelement. Vordefinierte und anpassbare Konfigurationen f\u00fcr s\u00e4mtliche Anwendungen. Anwendungsgebiete: B\u00fcros. Konferenzr\u00e4ume. Schulungsr\u00e4ume. Flure. Technische Ausstattung: Geeignet f\u00fcr bis zu 20 elektronische Vorschaltger\u00e4te. Kostenlose App f\u00fcr IOS und Android verf\u00fcgbar im App Store.<\/p>\n","protected":false},"excerpt":{"rendered":"<p>Lichtmanagementsysteme. Produkteigenschaften: Ein DALI-Broadcast-Ausgangskanal. Tageslichtabh\u00e4ngige Regelung und pr\u00e4senzabh\u00e4ngige Lichtsteuerung. Bedienung \u00fcber Standardtaster. Ausg\u00e4nge mit elektronisch reversiblem Kurzschluss- und \u00dcberlastschutz. \u00c4nderung der Nachlaufzeit mittels Schraubendreher direkt am Sensor. \u00c4nderung der Beleuchtungsst\u00e4rke mittels Schraubendreher direkt am Sensor. Halogenfreies Polycarbonat-Kunststoffgeh\u00e4use. Steuerger\u00e4t mit integriertem<span class=\"excerpt-hellip\"> [\u2026]<\/span><\/p>\n","protected":false},"featured_media":367268,"template":"","meta":[],"product_brand":[],"product_cat":[87015],"product_tag":[],"class_list":{"0":"post-349689","1":"product","2":"type-product","3":"status-publish","4":"has-post-thumbnail","6":"product_cat-lichtregelsystemkomponente-ledvance","8":"first","9":"instock","10":"taxable","11":"shipping-taxable","12":"product-type-simple"},"_links":{"self":[{"href":"https:\/\/www.arclite-shop.de\/it\/wp-json\/wp\/v2\/product\/349689","targetHints":{"allow":["GET"]}}],"collection":[{"href":"https:\/\/www.arclite-shop.de\/it\/wp-json\/wp\/v2\/product"}],"about":[{"href":"https:\/\/www.arclite-shop.de\/it\/wp-json\/wp\/v2\/types\/product"}],"wp:featuredmedia":[{"embeddable":true,"href":"https:\/\/www.arclite-shop.de\/it\/wp-json\/wp\/v2\/media\/367268"}],"wp:attachment":[{"href":"https:\/\/www.arclite-shop.de\/it\/wp-json\/wp\/v2\/media?parent=349689"}],"wp:term":[{"taxonomy":"product_brand","embeddable":true,"href":"https:\/\/www.arclite-shop.de\/it\/wp-json\/wp\/v2\/product_brand?post=349689"},{"taxonomy":"product_cat","embeddable":true,"href":"https:\/\/www.arclite-shop.de\/it\/wp-json\/wp\/v2\/product_cat?post=349689"},{"taxonomy":"product_tag","embeddable":true,"href":"https:\/\/www.arclite-shop.de\/it\/wp-json\/wp\/v2\/product_tag?post=349689"}],"curies":[{"name":"wp","href":"https:\/\/api.w.org\/{rel}","templated":true}]}}