{"id":349686,"date":"2024-10-31T14:07:16","date_gmt":"2024-10-31T13:07:16","guid":{"rendered":"https:\/\/www.arclite-shop.de\/produkt\/02-4052899617322\/"},"modified":"2026-04-18T09:49:19","modified_gmt":"2026-04-18T07:49:19","slug":"02-4052899617322","status":"publish","type":"product","link":"https:\/\/www.arclite-shop.de\/it\/produkt\/02-4052899617322\/","title":{"rendered":"Corrente costante - interno - acceso\/spegnimento"},"content":{"rendered":"<p>Konstantstrom &#8211; Innenbereich &#8211; on\/off. Produkteigenschaften: Lebensdauer: bis zu 50.000 h (Temperatur am max. t c ). Zugentlastung f\u00fcr unabh\u00e4ngige Montage. . Produktvorteile: H\u00f6here Lichtqualit\u00e4t dank geringem Ausgangsrippelstrom (Stromwelligkeit). Hohe Flexibilit\u00e4t durch vier verschiedene Ausgangsstr\u00f6me. Kleines Geh\u00e4use f\u00fcr flexible Leuchtendesigns. Hohe Effizienz. . Anwendungsgebiete: Geeignet f\u00fcr Downlights, Strahler und LED-Paneele. Geeignet f\u00fcr Leuchten der Schutzklasse I und II. .<\/p>\n","protected":false},"excerpt":{"rendered":"<p>Konstantstrom &#8211; Innenbereich &#8211; on\/off. Produkteigenschaften: Lebensdauer: bis zu 50.000 h (Temperatur am max. t c ). Zugentlastung f\u00fcr unabh\u00e4ngige Montage. . Produktvorteile: H\u00f6here Lichtqualit\u00e4t dank geringem Ausgangsrippelstrom (Stromwelligkeit). Hohe Flexibilit\u00e4t durch vier verschiedene Ausgangsstr\u00f6me. Kleines Geh\u00e4use f\u00fcr flexible Leuchtendesigns.<span class=\"excerpt-hellip\"> [\u2026]<\/span><\/p>\n","protected":false},"featured_media":340110,"template":"","meta":[],"product_brand":[],"product_cat":[87021],"product_tag":[],"class_list":{"0":"post-349686","1":"product","2":"type-product","3":"status-publish","4":"has-post-thumbnail","6":"product_cat-led-betriebsgeraet-ledvance","8":"first","9":"outofstock","10":"taxable","11":"shipping-taxable","12":"product-type-simple"},"_links":{"self":[{"href":"https:\/\/www.arclite-shop.de\/it\/wp-json\/wp\/v2\/product\/349686","targetHints":{"allow":["GET"]}}],"collection":[{"href":"https:\/\/www.arclite-shop.de\/it\/wp-json\/wp\/v2\/product"}],"about":[{"href":"https:\/\/www.arclite-shop.de\/it\/wp-json\/wp\/v2\/types\/product"}],"wp:featuredmedia":[{"embeddable":true,"href":"https:\/\/www.arclite-shop.de\/it\/wp-json\/wp\/v2\/media\/340110"}],"wp:attachment":[{"href":"https:\/\/www.arclite-shop.de\/it\/wp-json\/wp\/v2\/media?parent=349686"}],"wp:term":[{"taxonomy":"product_brand","embeddable":true,"href":"https:\/\/www.arclite-shop.de\/it\/wp-json\/wp\/v2\/product_brand?post=349686"},{"taxonomy":"product_cat","embeddable":true,"href":"https:\/\/www.arclite-shop.de\/it\/wp-json\/wp\/v2\/product_cat?post=349686"},{"taxonomy":"product_tag","embeddable":true,"href":"https:\/\/www.arclite-shop.de\/it\/wp-json\/wp\/v2\/product_tag?post=349686"}],"curies":[{"name":"wp","href":"https:\/\/api.w.org\/{rel}","templated":true}]}}