{"id":349681,"date":"2024-10-31T14:07:13","date_gmt":"2024-10-31T13:07:13","guid":{"rendered":"https:\/\/www.arclite-shop.de\/produkt\/02-4052899606081\/"},"modified":"2026-04-18T09:50:29","modified_gmt":"2026-04-18T07:50:29","slug":"02-4052899606081","status":"publish","type":"product","link":"https:\/\/www.arclite-shop.de\/it\/produkt\/02-4052899606081\/","title":{"rendered":"Locomotive Leggere Lineari"},"content":{"rendered":"<p>Lineare Light Engines. Produkteigenschaften: Modul-Lichtausbeute: bis zu 206 lm\/W. Verf\u00fcgbar mit Lichtstrom: 245 lm auf 62 mm, 275 lm auf 70 mm. Verf\u00fcgbar mit Lichtstrom: 550 lm auf 140 mm. Verf\u00fcgbar mit Lichtstrom: 1.100 lm oder 2.000 lm auf 280 mm. Verf\u00fcgbar mit Lichtstrom: 2.200 lm oder 4.000 lm auf 560 mm. Verf\u00fcgbar mit Farbtemperatur: 2.700K, 3.000 K, 4.000 K, 5.000 K oder 6.500 K. Anf\u00e4ngliche Farbkonsistenz: ? 3 SDCM (Schwellwerteinheit). Mittlere Lebensdauer (L80 B50): &gt; 70.000 h (bei Temperatur am T c = 50 \u00b0C). CE-Kennzeichnung, ENEC-zertifiziert, UL-gelistet. . Produktvorteile: Schmales LED Modul durch kleinen und flexiblen Formfaktor. Hohe Homogenit\u00e4t Dank kleinem LED pitch. Hochspannung (HV) optimiert f\u00fcr nicht-isolierten, Niederspannung (LV) optimiert f\u00fcr SELV Betrieb. Anpassbarer Lichtstrom, Effizienz und Lebensdauer. Leiten Sie durch die Nutzung von PrevaLED Linear Optics das Licht dorthin, wo es gebraucht wird. . Anwendungsgebiete: Office. Industrie. .<\/p>\n","protected":false},"excerpt":{"rendered":"<p>Lineare Light Engines. Produkteigenschaften: Modul-Lichtausbeute: bis zu 206 lm\/W. Verf\u00fcgbar mit Lichtstrom: 245 lm auf 62 mm, 275 lm auf 70 mm. Verf\u00fcgbar mit Lichtstrom: 550 lm auf 140 mm. Verf\u00fcgbar mit Lichtstrom: 1.100 lm oder 2.000 lm auf 280<span class=\"excerpt-hellip\"> [\u2026]<\/span><\/p>\n","protected":false},"featured_media":332002,"template":"","meta":[],"product_brand":[],"product_cat":[87022],"product_tag":[],"class_list":{"0":"post-349681","1":"product","2":"type-product","3":"status-publish","4":"has-post-thumbnail","6":"product_cat-led-modul","8":"first","9":"instock","10":"taxable","11":"shipping-taxable","12":"product-type-simple"},"_links":{"self":[{"href":"https:\/\/www.arclite-shop.de\/it\/wp-json\/wp\/v2\/product\/349681","targetHints":{"allow":["GET"]}}],"collection":[{"href":"https:\/\/www.arclite-shop.de\/it\/wp-json\/wp\/v2\/product"}],"about":[{"href":"https:\/\/www.arclite-shop.de\/it\/wp-json\/wp\/v2\/types\/product"}],"wp:featuredmedia":[{"embeddable":true,"href":"https:\/\/www.arclite-shop.de\/it\/wp-json\/wp\/v2\/media\/332002"}],"wp:attachment":[{"href":"https:\/\/www.arclite-shop.de\/it\/wp-json\/wp\/v2\/media?parent=349681"}],"wp:term":[{"taxonomy":"product_brand","embeddable":true,"href":"https:\/\/www.arclite-shop.de\/it\/wp-json\/wp\/v2\/product_brand?post=349681"},{"taxonomy":"product_cat","embeddable":true,"href":"https:\/\/www.arclite-shop.de\/it\/wp-json\/wp\/v2\/product_cat?post=349681"},{"taxonomy":"product_tag","embeddable":true,"href":"https:\/\/www.arclite-shop.de\/it\/wp-json\/wp\/v2\/product_tag?post=349681"}],"curies":[{"name":"wp","href":"https:\/\/api.w.org\/{rel}","templated":true}]}}