{"id":349656,"date":"2024-10-31T14:06:57","date_gmt":"2024-10-31T13:06:57","guid":{"rendered":"https:\/\/www.arclite-shop.de\/produkt\/02-4052899474741\/"},"modified":"2026-04-18T09:55:27","modified_gmt":"2026-04-18T07:55:27","slug":"02-4052899474741","status":"publish","type":"product","link":"https:\/\/www.arclite-shop.de\/it\/produkt\/02-4052899474741\/","title":{"rendered":"Moduli LED Spot con Ottiche Integrate"},"content":{"rendered":"<p>LED-Spot-Module mit integrierten Optiken. Produkteigenschaften: Schutzart IP65 gem\u00e4\u00df DIN EN 60529. Nur elektrische Reihenschaltung der Module. Zweipolige Anschlussleitung (500 mm). Dimmbar durch Pulsweitenmodulation (PWM). Produktvorteile: Metallgeh\u00e4use f\u00fcr optimale W\u00e4rmeabfuhr. Leichte Montage durch integriertes Gewinde M10x1,5. Kein zus\u00e4tzlicher K\u00fchlk\u00f6rper erforderlich. Enger Abstrahlwinkel erm\u00f6glicht Einsatz als Spotlichtquelle. Perfekte Zentrierung durch Absatz am Geh\u00e4useboden (Durchmesser 12 mm). Geringer Instandhaltungsaufwand dank einer Lebensdauer von bis zu 70.000 h. 5 Jahre Garantie. Anwendungsgebiete: Zur Akzent-, Orientierungs- oder Wegbeleuchtung. Regal- und M\u00f6belbeleuchtung. Geeignet f\u00fcr den Outdoor-Einsatz.<\/p>\n","protected":false},"excerpt":{"rendered":"<p>LED-Spot-Module mit integrierten Optiken. Produkteigenschaften: Schutzart IP65 gem\u00e4\u00df DIN EN 60529. Nur elektrische Reihenschaltung der Module. Zweipolige Anschlussleitung (500 mm). Dimmbar durch Pulsweitenmodulation (PWM). Produktvorteile: Metallgeh\u00e4use f\u00fcr optimale W\u00e4rmeabfuhr. Leichte Montage durch integriertes Gewinde M10x1,5. Kein zus\u00e4tzlicher K\u00fchlk\u00f6rper erforderlich. Enger<span class=\"excerpt-hellip\"> [\u2026]<\/span><\/p>\n","protected":false},"featured_media":332041,"template":"","meta":[],"product_brand":[],"product_cat":[87022],"product_tag":[],"class_list":{"0":"post-349656","1":"product","2":"type-product","3":"status-publish","4":"has-post-thumbnail","6":"product_cat-led-modul","8":"first","9":"instock","10":"taxable","11":"shipping-taxable","12":"product-type-simple"},"_links":{"self":[{"href":"https:\/\/www.arclite-shop.de\/it\/wp-json\/wp\/v2\/product\/349656","targetHints":{"allow":["GET"]}}],"collection":[{"href":"https:\/\/www.arclite-shop.de\/it\/wp-json\/wp\/v2\/product"}],"about":[{"href":"https:\/\/www.arclite-shop.de\/it\/wp-json\/wp\/v2\/types\/product"}],"wp:featuredmedia":[{"embeddable":true,"href":"https:\/\/www.arclite-shop.de\/it\/wp-json\/wp\/v2\/media\/332041"}],"wp:attachment":[{"href":"https:\/\/www.arclite-shop.de\/it\/wp-json\/wp\/v2\/media?parent=349656"}],"wp:term":[{"taxonomy":"product_brand","embeddable":true,"href":"https:\/\/www.arclite-shop.de\/it\/wp-json\/wp\/v2\/product_brand?post=349656"},{"taxonomy":"product_cat","embeddable":true,"href":"https:\/\/www.arclite-shop.de\/it\/wp-json\/wp\/v2\/product_cat?post=349656"},{"taxonomy":"product_tag","embeddable":true,"href":"https:\/\/www.arclite-shop.de\/it\/wp-json\/wp\/v2\/product_tag?post=349656"}],"curies":[{"name":"wp","href":"https:\/\/api.w.org\/{rel}","templated":true}]}}