{"id":349649,"date":"2024-10-31T14:06:52","date_gmt":"2024-10-31T13:06:52","guid":{"rendered":"https:\/\/www.arclite-shop.de\/produkt\/02-4052899151932\/"},"modified":"2026-04-30T15:10:23","modified_gmt":"2026-04-30T13:10:23","slug":"02-4052899151932","status":"publish","type":"product","link":"https:\/\/www.arclite-shop.de\/it\/produkt\/02-4052899151932\/","title":{"rendered":"ECG per LL 26 mm"},"content":{"rendered":"<p>EVG f\u00fcr LL 26 mm. Produkteigenschaften: Versorgungsspannung: 220\u2026240 V. Netzspannung: 198\u2026264 V. Netzfrequenz: 50 Hz | 60 Hz. Lampenstart mit optimaler Wendelvorheizung. Energie-Effizienz-Index EEI: A2. Automatische Sicherheitsabschaltung bei Lampendefekt und am Lampenlebensende (EoL T.2). Lampenbetrieb: nach EN 60929. Sicherheit: nach EN 61347-2-3. Produktvorteile: Lange Lampenlebensdauer. Hohe Schaltfestigkeit. Automatische Wiedereinschaltung nach Lampenwechsel. Perfekter Lampenwarmstart f\u00fcr Anwendungen mit Bewegungsmelder. VDE\/VDE EMV-zertifiziertes System. H\u00f6chste Energieeffizienz durch Cut-off-Technologie. Anwendungsgebiete: Gro\u00dfraumb\u00fcros, Korridore oder Lagerr\u00e4ume. \u00d6ffentliche Geb\u00e4ude. Lichtb\u00e4nder. Geeignet f\u00fcr Notbeleuchtung (DC-Betrieb). Geeignet f\u00fcr Leuchten der Schutzklasse I.<\/p>\n","protected":false},"excerpt":{"rendered":"<p>EVG f\u00fcr LL 26 mm. Produkteigenschaften: Versorgungsspannung: 220\u2026240 V. Netzspannung: 198\u2026264 V. Netzfrequenz: 50 Hz | 60 Hz. Lampenstart mit optimaler Wendelvorheizung. Energie-Effizienz-Index EEI: A2. Automatische Sicherheitsabschaltung bei Lampendefekt und am Lampenlebensende (EoL T.2). Lampenbetrieb: nach EN 60929. Sicherheit: nach<span class=\"excerpt-hellip\"> [\u2026]<\/span><\/p>\n","protected":false},"featured_media":284693,"template":"","meta":[],"product_brand":[],"product_cat":[87016],"product_tag":[],"class_list":{"0":"post-349649","1":"product","2":"type-product","3":"status-publish","4":"has-post-thumbnail","6":"product_cat-vorschaltgeraet-ledvance","8":"first","9":"instock","10":"taxable","11":"shipping-taxable","12":"product-type-simple"},"_links":{"self":[{"href":"https:\/\/www.arclite-shop.de\/it\/wp-json\/wp\/v2\/product\/349649","targetHints":{"allow":["GET"]}}],"collection":[{"href":"https:\/\/www.arclite-shop.de\/it\/wp-json\/wp\/v2\/product"}],"about":[{"href":"https:\/\/www.arclite-shop.de\/it\/wp-json\/wp\/v2\/types\/product"}],"wp:featuredmedia":[{"embeddable":true,"href":"https:\/\/www.arclite-shop.de\/it\/wp-json\/wp\/v2\/media\/284693"}],"wp:attachment":[{"href":"https:\/\/www.arclite-shop.de\/it\/wp-json\/wp\/v2\/media?parent=349649"}],"wp:term":[{"taxonomy":"product_brand","embeddable":true,"href":"https:\/\/www.arclite-shop.de\/it\/wp-json\/wp\/v2\/product_brand?post=349649"},{"taxonomy":"product_cat","embeddable":true,"href":"https:\/\/www.arclite-shop.de\/it\/wp-json\/wp\/v2\/product_cat?post=349649"},{"taxonomy":"product_tag","embeddable":true,"href":"https:\/\/www.arclite-shop.de\/it\/wp-json\/wp\/v2\/product_tag?post=349649"}],"curies":[{"name":"wp","href":"https:\/\/api.w.org\/{rel}","templated":true}]}}