{"id":349646,"date":"2024-10-31T14:06:50","date_gmt":"2024-10-31T13:06:50","guid":{"rendered":"https:\/\/www.arclite-shop.de\/produkt\/02-4050300832173\/"},"modified":"2026-04-18T10:00:17","modified_gmt":"2026-04-18T08:00:17","slug":"02-4050300832173","status":"publish","type":"product","link":"https:\/\/www.arclite-shop.de\/it\/produkt\/02-4050300832173\/","title":{"rendered":"Lampade a due bobina a sovrapressione a bassa tensione, trasporto ferroviario"},"content":{"rendered":"<p>Niedervolt-\u00dcberdruck-Zweiwendellampen, Schienenverkehr. Produkteigenschaften: Zweiwendellampe f\u00fcr h\u00f6here Betriebssicherheit der Signalanlage. Produktvorteile: Nebenwendel kann bei Ausfall schnell die Funktion der Hauptwendel \u00fcbernehmen. Unterschiedliche Leistungsstufen optimal auf die jeweilige Optik abgestimmt. Anwendungsgebiete: Bahnverkehrssignalanlagen.<\/p>\n","protected":false},"excerpt":{"rendered":"<p>Niedervolt-\u00dcberdruck-Zweiwendellampen, Schienenverkehr. Produkteigenschaften: Zweiwendellampe f\u00fcr h\u00f6here Betriebssicherheit der Signalanlage. Produktvorteile: Nebenwendel kann bei Ausfall schnell die Funktion der Hauptwendel \u00fcbernehmen. Unterschiedliche Leistungsstufen optimal auf die jeweilige Optik abgestimmt. Anwendungsgebiete: Bahnverkehrssignalanlagen.<\/p>\n","protected":false},"featured_media":367302,"template":"","meta":[],"product_brand":[],"product_cat":[87019],"product_tag":[],"class_list":{"0":"post-349646","1":"product","2":"type-product","3":"status-publish","4":"has-post-thumbnail","6":"product_cat-verkehrssignallampe","8":"first","9":"instock","10":"taxable","11":"shipping-taxable","12":"product-type-simple"},"_links":{"self":[{"href":"https:\/\/www.arclite-shop.de\/it\/wp-json\/wp\/v2\/product\/349646","targetHints":{"allow":["GET"]}}],"collection":[{"href":"https:\/\/www.arclite-shop.de\/it\/wp-json\/wp\/v2\/product"}],"about":[{"href":"https:\/\/www.arclite-shop.de\/it\/wp-json\/wp\/v2\/types\/product"}],"wp:featuredmedia":[{"embeddable":true,"href":"https:\/\/www.arclite-shop.de\/it\/wp-json\/wp\/v2\/media\/367302"}],"wp:attachment":[{"href":"https:\/\/www.arclite-shop.de\/it\/wp-json\/wp\/v2\/media?parent=349646"}],"wp:term":[{"taxonomy":"product_brand","embeddable":true,"href":"https:\/\/www.arclite-shop.de\/it\/wp-json\/wp\/v2\/product_brand?post=349646"},{"taxonomy":"product_cat","embeddable":true,"href":"https:\/\/www.arclite-shop.de\/it\/wp-json\/wp\/v2\/product_cat?post=349646"},{"taxonomy":"product_tag","embeddable":true,"href":"https:\/\/www.arclite-shop.de\/it\/wp-json\/wp\/v2\/product_tag?post=349646"}],"curies":[{"name":"wp","href":"https:\/\/api.w.org\/{rel}","templated":true}]}}