{"id":349640,"date":"2024-10-31T14:06:47","date_gmt":"2024-10-31T13:06:47","guid":{"rendered":"https:\/\/www.arclite-shop.de\/produkt\/02-4008321863287\/"},"modified":"2026-04-18T10:01:19","modified_gmt":"2026-04-18T08:01:19","slug":"02-4008321863287","status":"publish","type":"product","link":"https:\/\/www.arclite-shop.de\/it\/produkt\/02-4008321863287\/","title":{"rendered":"ECG per lampade fluorescenti T8\/26 mm"},"content":{"rendered":"<p>EVG f\u00fcr T8\/26 mm Stableuchtstofflampen. Produkteigenschaften: Versorgungsspannung: 220\u2026240 V. Netzspannung: 198\u2026264 V. Netzfrequenz: 50 Hz | 60 Hz. Energie-Effizienz-Index EEI: A2. Produktvorteile: Kompaktes Geh\u00e4use. Automatische Wiedereinschaltung nach Lampenwechsel. Anwendungsgebiete: \u00d6ffentliche Geb\u00e4ude. Sporthallen. Lichtb\u00e4nder. Geeignet f\u00fcr Leuchten der Schutzklasse I.<\/p>\n","protected":false},"excerpt":{"rendered":"<p>EVG f\u00fcr T8\/26 mm Stableuchtstofflampen. Produkteigenschaften: Versorgungsspannung: 220\u2026240 V. Netzspannung: 198\u2026264 V. Netzfrequenz: 50 Hz | 60 Hz. Energie-Effizienz-Index EEI: A2. Produktvorteile: Kompaktes Geh\u00e4use. Automatische Wiedereinschaltung nach Lampenwechsel. Anwendungsgebiete: \u00d6ffentliche Geb\u00e4ude. Sporthallen. Lichtb\u00e4nder. Geeignet f\u00fcr Leuchten der Schutzklasse I.<\/p>\n","protected":false},"featured_media":284803,"template":"","meta":[],"product_brand":[],"product_cat":[87016],"product_tag":[],"class_list":{"0":"post-349640","1":"product","2":"type-product","3":"status-publish","4":"has-post-thumbnail","6":"product_cat-vorschaltgeraet-ledvance","8":"first","9":"outofstock","10":"taxable","11":"shipping-taxable","12":"product-type-simple"},"_links":{"self":[{"href":"https:\/\/www.arclite-shop.de\/it\/wp-json\/wp\/v2\/product\/349640","targetHints":{"allow":["GET"]}}],"collection":[{"href":"https:\/\/www.arclite-shop.de\/it\/wp-json\/wp\/v2\/product"}],"about":[{"href":"https:\/\/www.arclite-shop.de\/it\/wp-json\/wp\/v2\/types\/product"}],"wp:featuredmedia":[{"embeddable":true,"href":"https:\/\/www.arclite-shop.de\/it\/wp-json\/wp\/v2\/media\/284803"}],"wp:attachment":[{"href":"https:\/\/www.arclite-shop.de\/it\/wp-json\/wp\/v2\/media?parent=349640"}],"wp:term":[{"taxonomy":"product_brand","embeddable":true,"href":"https:\/\/www.arclite-shop.de\/it\/wp-json\/wp\/v2\/product_brand?post=349640"},{"taxonomy":"product_cat","embeddable":true,"href":"https:\/\/www.arclite-shop.de\/it\/wp-json\/wp\/v2\/product_cat?post=349640"},{"taxonomy":"product_tag","embeddable":true,"href":"https:\/\/www.arclite-shop.de\/it\/wp-json\/wp\/v2\/product_tag?post=349640"}],"curies":[{"name":"wp","href":"https:\/\/api.w.org\/{rel}","templated":true}]}}