{"id":349556,"date":"2024-10-31T13:59:20","date_gmt":"2024-10-31T12:59:20","guid":{"rendered":"https:\/\/www.arclite-shop.de\/produkt\/03-25008750\/"},"modified":"2026-04-18T10:01:46","modified_gmt":"2026-04-18T08:01:46","slug":"03-25008750","status":"publish","type":"product","link":"https:\/\/www.arclite-shop.de\/it\/produkt\/03-25008750\/","title":{"rendered":"Lampade a lampadine e lampade a tubo Deco - Lampada a incandescente a forma di tubo - Consumo energetico: 7 W - Temperatura di colore pi\u00f9 simile (Nom): 2700 K"},"content":{"rendered":"<p>Deco Birnen- und R\u00f6hrenlampen schaffen mit ihren kompakten Ma\u00dfen besonders in kleinen R\u00e4umen eine gem\u00fctlich und angenehme Atmosph\u00e4re.<\/p>\n","protected":false},"excerpt":{"rendered":"<p>Deco Birnen- und R\u00f6hrenlampen schaffen mit ihren kompakten Ma\u00dfen besonders in kleinen R\u00e4umen eine gem\u00fctlich und angenehme Atmosph\u00e4re.<\/p>\n","protected":false},"featured_media":367310,"template":"","meta":[],"product_brand":[],"product_cat":[84536],"product_tag":[],"class_list":{"0":"post-349556","1":"product","2":"type-product","3":"status-publish","4":"has-post-thumbnail","6":"product_cat-allgebrauchsgluehlampe-roehrenform","8":"first","9":"instock","10":"taxable","11":"shipping-taxable","12":"product-type-simple"},"_links":{"self":[{"href":"https:\/\/www.arclite-shop.de\/it\/wp-json\/wp\/v2\/product\/349556","targetHints":{"allow":["GET"]}}],"collection":[{"href":"https:\/\/www.arclite-shop.de\/it\/wp-json\/wp\/v2\/product"}],"about":[{"href":"https:\/\/www.arclite-shop.de\/it\/wp-json\/wp\/v2\/types\/product"}],"wp:featuredmedia":[{"embeddable":true,"href":"https:\/\/www.arclite-shop.de\/it\/wp-json\/wp\/v2\/media\/367310"}],"wp:attachment":[{"href":"https:\/\/www.arclite-shop.de\/it\/wp-json\/wp\/v2\/media?parent=349556"}],"wp:term":[{"taxonomy":"product_brand","embeddable":true,"href":"https:\/\/www.arclite-shop.de\/it\/wp-json\/wp\/v2\/product_brand?post=349556"},{"taxonomy":"product_cat","embeddable":true,"href":"https:\/\/www.arclite-shop.de\/it\/wp-json\/wp\/v2\/product_cat?post=349556"},{"taxonomy":"product_tag","embeddable":true,"href":"https:\/\/www.arclite-shop.de\/it\/wp-json\/wp\/v2\/product_tag?post=349556"}],"curies":[{"name":"wp","href":"https:\/\/api.w.org\/{rel}","templated":true}]}}