{"id":349519,"date":"2024-10-31T13:59:00","date_gmt":"2024-10-31T12:59:00","guid":{"rendered":"https:\/\/www.arclite-shop.de\/produkt\/03-86249200\/"},"modified":"2026-04-18T10:03:56","modified_gmt":"2026-04-18T08:03:56","slug":"03-86249200","status":"publish","type":"product","link":"https:\/\/www.arclite-shop.de\/it\/produkt\/03-86249200\/","title":{"rendered":"Ballast - HF-PERFORMER EII Intelligent per lampade TL5 HE\/HO"},"content":{"rendered":"<p>Philips setzt bei kompakten, leichten und intelligenten elektronischen Hochfrequenz-Vorschaltger\u00e4ten neue Ma\u00dfst\u00e4be. HF-Performer Intelligent erlaubt das Tauschen von MASTER TL5 HE- und HO-Lampen gleicher L\u00e4nge und bietet so ein H\u00f6chstma\u00df an Flexibilit\u00e4t in der Leuchtengestaltung und -nutzung. Dank der intelligenten Stromsparfunktion kann dieses Vorschaltger\u00e4t die Systemeffizienz in Kombination mit MASTER TL5, TL5c, TL-D und PL-L erheblich steigern.<\/p>\n","protected":false},"excerpt":{"rendered":"<p>Philips setzt bei kompakten, leichten und intelligenten elektronischen Hochfrequenz-Vorschaltger\u00e4ten neue Ma\u00dfst\u00e4be. HF-Performer Intelligent erlaubt das Tauschen von MASTER TL5 HE- und HO-Lampen gleicher L\u00e4nge und bietet so ein H\u00f6chstma\u00df an Flexibilit\u00e4t in der Leuchtengestaltung und -nutzung. Dank der intelligenten Stromsparfunktion<span class=\"excerpt-hellip\"> [\u2026]<\/span><\/p>\n","protected":false},"featured_media":367336,"template":"","meta":[],"product_brand":[],"product_cat":[84437],"product_tag":[],"class_list":{"0":"post-349519","1":"product","2":"type-product","3":"status-publish","4":"has-post-thumbnail","6":"product_cat-vorschaltgeraet-signify","8":"first","9":"instock","10":"taxable","11":"shipping-taxable","12":"product-type-simple"},"_links":{"self":[{"href":"https:\/\/www.arclite-shop.de\/it\/wp-json\/wp\/v2\/product\/349519","targetHints":{"allow":["GET"]}}],"collection":[{"href":"https:\/\/www.arclite-shop.de\/it\/wp-json\/wp\/v2\/product"}],"about":[{"href":"https:\/\/www.arclite-shop.de\/it\/wp-json\/wp\/v2\/types\/product"}],"wp:featuredmedia":[{"embeddable":true,"href":"https:\/\/www.arclite-shop.de\/it\/wp-json\/wp\/v2\/media\/367336"}],"wp:attachment":[{"href":"https:\/\/www.arclite-shop.de\/it\/wp-json\/wp\/v2\/media?parent=349519"}],"wp:term":[{"taxonomy":"product_brand","embeddable":true,"href":"https:\/\/www.arclite-shop.de\/it\/wp-json\/wp\/v2\/product_brand?post=349519"},{"taxonomy":"product_cat","embeddable":true,"href":"https:\/\/www.arclite-shop.de\/it\/wp-json\/wp\/v2\/product_cat?post=349519"},{"taxonomy":"product_tag","embeddable":true,"href":"https:\/\/www.arclite-shop.de\/it\/wp-json\/wp\/v2\/product_tag?post=349519"}],"curies":[{"name":"wp","href":"https:\/\/api.w.org\/{rel}","templated":true}]}}