{"id":349517,"date":"2024-10-31T13:58:59","date_gmt":"2024-10-31T12:58:59","guid":{"rendered":"https:\/\/www.arclite-shop.de\/produkt\/03-91397530\/"},"modified":"2026-04-18T10:03:59","modified_gmt":"2026-04-18T08:03:59","slug":"03-91397530","status":"publish","type":"product","link":"https:\/\/www.arclite-shop.de\/it\/produkt\/03-91397530\/","title":{"rendered":"Zavorra - HF-PERFORMER EII per lampade PL-T\/C\/R\/L\/TL5C"},"content":{"rendered":"<p>Der HF-Performer II ist ein robustes und kompaktes elektronisches Hochfrequenz-Vorschaltger\u00e4t. Diese \u00fcberaus effiziente und flexible L\u00f6sung f\u00fcr MASTER PL-T\/C\/R\/T5c eignet sich insbesondere f\u00fcr Anwendungen, in denen eine hohe Energieeffizienz erforderlich ist. Sie kann aber auch in Bereichen zum Einsatz kommen, wo die Beleuchtung ein komfortables Ambiente erzeugen soll oder in denen flackerfreies Licht ben\u00f6tigt wird.<\/p>\n","protected":false},"excerpt":{"rendered":"<p>Der HF-Performer II ist ein robustes und kompaktes elektronisches Hochfrequenz-Vorschaltger\u00e4t. Diese \u00fcberaus effiziente und flexible L\u00f6sung f\u00fcr MASTER PL-T\/C\/R\/T5c eignet sich insbesondere f\u00fcr Anwendungen, in denen eine hohe Energieeffizienz erforderlich ist. Sie kann aber auch in Bereichen zum Einsatz kommen,<span class=\"excerpt-hellip\"> [\u2026]<\/span><\/p>\n","protected":false},"featured_media":367348,"template":"","meta":[],"product_brand":[],"product_cat":[84437],"product_tag":[],"class_list":{"0":"post-349517","1":"product","2":"type-product","3":"status-publish","4":"has-post-thumbnail","6":"product_cat-vorschaltgeraet-signify","8":"first","9":"instock","10":"taxable","11":"shipping-taxable","12":"product-type-simple"},"_links":{"self":[{"href":"https:\/\/www.arclite-shop.de\/it\/wp-json\/wp\/v2\/product\/349517","targetHints":{"allow":["GET"]}}],"collection":[{"href":"https:\/\/www.arclite-shop.de\/it\/wp-json\/wp\/v2\/product"}],"about":[{"href":"https:\/\/www.arclite-shop.de\/it\/wp-json\/wp\/v2\/types\/product"}],"wp:featuredmedia":[{"embeddable":true,"href":"https:\/\/www.arclite-shop.de\/it\/wp-json\/wp\/v2\/media\/367348"}],"wp:attachment":[{"href":"https:\/\/www.arclite-shop.de\/it\/wp-json\/wp\/v2\/media?parent=349517"}],"wp:term":[{"taxonomy":"product_brand","embeddable":true,"href":"https:\/\/www.arclite-shop.de\/it\/wp-json\/wp\/v2\/product_brand?post=349517"},{"taxonomy":"product_cat","embeddable":true,"href":"https:\/\/www.arclite-shop.de\/it\/wp-json\/wp\/v2\/product_cat?post=349517"},{"taxonomy":"product_tag","embeddable":true,"href":"https:\/\/www.arclite-shop.de\/it\/wp-json\/wp\/v2\/product_tag?post=349517"}],"curies":[{"name":"wp","href":"https:\/\/api.w.org\/{rel}","templated":true}]}}