{"id":349514,"date":"2024-10-31T13:58:58","date_gmt":"2024-10-31T12:58:58","guid":{"rendered":"https:\/\/www.arclite-shop.de\/produkt\/03-93066830\/"},"modified":"2026-04-18T10:04:02","modified_gmt":"2026-04-18T08:04:02","slug":"03-93066830","status":"publish","type":"product","link":"https:\/\/www.arclite-shop.de\/it\/produkt\/03-93066830\/","title":{"rendered":"Avviatore per illuminazione - dispositivi di accensione KVG"},"content":{"rendered":"<p>Die HID-Z\u00fcndger\u00e4te zum Betrieb von konventioneller Beleuchtung mit einem magnetischen Vorschaltger\u00e4t \u00fcberzeugen mit ihrer einfachen Installation und der hohen Zuverl\u00e4ssigkeit.<\/p>\n","protected":false},"excerpt":{"rendered":"<p>Die HID-Z\u00fcndger\u00e4te zum Betrieb von konventioneller Beleuchtung mit einem magnetischen Vorschaltger\u00e4t \u00fcberzeugen mit ihrer einfachen Installation und der hohen Zuverl\u00e4ssigkeit.<\/p>\n","protected":false},"featured_media":367350,"template":"","meta":[],"product_brand":[],"product_cat":[84218],"product_tag":[],"class_list":{"0":"post-349514","1":"product","2":"type-product","3":"status-publish","4":"has-post-thumbnail","6":"product_cat-starter-fuer-beleuchtung-signify","8":"first","9":"instock","10":"taxable","11":"shipping-taxable","12":"product-type-simple"},"_links":{"self":[{"href":"https:\/\/www.arclite-shop.de\/it\/wp-json\/wp\/v2\/product\/349514","targetHints":{"allow":["GET"]}}],"collection":[{"href":"https:\/\/www.arclite-shop.de\/it\/wp-json\/wp\/v2\/product"}],"about":[{"href":"https:\/\/www.arclite-shop.de\/it\/wp-json\/wp\/v2\/types\/product"}],"wp:featuredmedia":[{"embeddable":true,"href":"https:\/\/www.arclite-shop.de\/it\/wp-json\/wp\/v2\/media\/367350"}],"wp:attachment":[{"href":"https:\/\/www.arclite-shop.de\/it\/wp-json\/wp\/v2\/media?parent=349514"}],"wp:term":[{"taxonomy":"product_brand","embeddable":true,"href":"https:\/\/www.arclite-shop.de\/it\/wp-json\/wp\/v2\/product_brand?post=349514"},{"taxonomy":"product_cat","embeddable":true,"href":"https:\/\/www.arclite-shop.de\/it\/wp-json\/wp\/v2\/product_cat?post=349514"},{"taxonomy":"product_tag","embeddable":true,"href":"https:\/\/www.arclite-shop.de\/it\/wp-json\/wp\/v2\/product_tag?post=349514"}],"curies":[{"name":"wp","href":"https:\/\/api.w.org\/{rel}","templated":true}]}}